{"id":20800,"date":"2024-01-17T09:46:42","date_gmt":"2024-01-17T08:46:42","guid":{"rendered":"https:\/\/www.camping-puntadoro.com\/richiesta-preventivo\/"},"modified":"2026-03-08T08:48:15","modified_gmt":"2026-03-08T07:48:15","slug":"reservierung-verfugbarkeit","status":"publish","type":"page","link":"https:\/\/www.camping-puntadoro.com\/de\/reservierung-verfugbarkeit\/","title":{"rendered":"Anfrage\/Buchung Campinglatz"},"content":{"rendered":"\t\t<div data-elementor-type=\"wp-page\" data-elementor-id=\"20800\" class=\"elementor elementor-20800 elementor-20600\">\n\t\t\t\t\t\t<section class=\"elementor-section elementor-top-section elementor-element elementor-element-c852fbd elementor-section-boxed elementor-section-height-default elementor-section-height-default qodef-elementor-content-no\" data-id=\"c852fbd\" data-element_type=\"section\" data-e-type=\"section\">\n\t\t\t\t\t\t<div class=\"elementor-container elementor-column-gap-default\">\n\t\t\t\t\t<div class=\"elementor-column elementor-col-100 elementor-top-column elementor-element elementor-element-aab0985\" data-id=\"aab0985\" data-element_type=\"column\" data-e-type=\"column\">\n\t\t\t<div class=\"elementor-widget-wrap elementor-element-populated\">\n\t\t\t\t\t\t<div class=\"elementor-element elementor-element-42e4d6c elementor-widget elementor-widget-text-editor\" data-id=\"42e4d6c\" data-element_type=\"widget\" data-e-type=\"widget\" data-widget_type=\"text-editor.default\">\n\t\t\t\t<div class=\"elementor-widget-container\">\n\t\t\t\t\t\t\t\t\t<p class=\"font-claude-response-body break-words whitespace-normal leading-[1.7]\">Es gilt generell eine Mindestanzahl an N\u00e4chten f\u00fcr Anfragen und Buchungen:<\/p><p class=\"font-claude-response-body break-words whitespace-pre-wrap leading-[1.7]\">NEBENSAISON: mind. 4 N\u00e4chte f\u00fcr Stellpl\u00e4tze der Kategorien BIANCA, VIOLA, AZZURRA und mind. 5 N\u00e4chte f\u00fcr Stellpl\u00e4tze der Kategorien BLU, VERDE.<\/p><p class=\"font-claude-response-body break-words whitespace-pre-wrap leading-[1.7]\">MITSAISON: mind. 5 N\u00e4chte f\u00fcr Stellpl\u00e4tze der Kategorien BIANCA, VIOLA, AZZURRA und mind. 6 N\u00e4chte f\u00fcr Stellpl\u00e4tze der Kategorien BLU, VERDE.<\/p><p class=\"font-claude-response-body break-words whitespace-pre-wrap leading-[1.7]\">HOCHSAISON: mind. 6 N\u00e4chte f\u00fcr Stellpl\u00e4tze der Kategorien BIANCA, VIOLA, AZZURRA und mind. 7 N\u00e4chte f\u00fcr Stellpl\u00e4tze der Kategorien BLU, VERDE.<\/p><p class=\"font-claude-response-body break-words whitespace-normal leading-[1.7]\">Anfragen f\u00fcr k\u00fcrzere Aufenthalte werden je nach Verf\u00fcgbarkeit bzw. L\u00fccken im Belegungsplan ber\u00fccksichtigt. Onlinebuchungen f\u00fcr ein oder zwei N\u00e4chte sind jedoch nicht m\u00f6glich \u2013 bitte kontaktieren Sie uns in diesem Fall am Tag vor Ihrer Ankunft telefonisch, um die Verf\u00fcgbarkeit zu pr\u00fcfen.<\/p>\t\t\t\t\t\t\t\t<\/div>\n\t\t\t\t<\/div>\n\t\t\t\t\t<\/div>\n\t\t<\/div>\n\t\t\t\t\t<\/div>\n\t\t<\/section>\n\t\t\t\t<\/div>\n\t\t","protected":false},"excerpt":{"rendered":"<p>Es gilt generell eine Mindestanzahl an N\u00e4chten f\u00fcr Anfragen und Buchungen: NEBENSAISON: mind. 4 N\u00e4chte f\u00fcr Stellpl\u00e4tze der Kategorien BIANCA, VIOLA, AZZURRA und mind. 5 N\u00e4chte f\u00fcr Stellpl\u00e4tze der Kategorien BLU, VERDE. MITSAISON: mind. 5 N\u00e4chte f\u00fcr Stellpl\u00e4tze der Kategorien BIANCA, VIOLA, AZZURRA und mind. 6 N\u00e4chte f\u00fcr Stellpl\u00e4tze der Kategorien BLU, VERDE. HOCHSAISON: mind. [&hellip;]<\/p>\n","protected":false},"author":1,"featured_media":0,"parent":0,"menu_order":0,"comment_status":"closed","ping_status":"closed","template":"invia_richiesta.php","meta":{"_acf_changed":false,"footnotes":""},"class_list":["post-20800","page","type-page","status-publish","hentry"],"acf":[],"_links":{"self":[{"href":"https:\/\/www.camping-puntadoro.com\/de\/wp-json\/wp\/v2\/pages\/20800","targetHints":{"allow":["GET"]}}],"collection":[{"href":"https:\/\/www.camping-puntadoro.com\/de\/wp-json\/wp\/v2\/pages"}],"about":[{"href":"https:\/\/www.camping-puntadoro.com\/de\/wp-json\/wp\/v2\/types\/page"}],"author":[{"embeddable":true,"href":"https:\/\/www.camping-puntadoro.com\/de\/wp-json\/wp\/v2\/users\/1"}],"replies":[{"embeddable":true,"href":"https:\/\/www.camping-puntadoro.com\/de\/wp-json\/wp\/v2\/comments?post=20800"}],"version-history":[{"count":5,"href":"https:\/\/www.camping-puntadoro.com\/de\/wp-json\/wp\/v2\/pages\/20800\/revisions"}],"predecessor-version":[{"id":23470,"href":"https:\/\/www.camping-puntadoro.com\/de\/wp-json\/wp\/v2\/pages\/20800\/revisions\/23470"}],"wp:attachment":[{"href":"https:\/\/www.camping-puntadoro.com\/de\/wp-json\/wp\/v2\/media?parent=20800"}],"curies":[{"name":"wp","href":"https:\/\/api.w.org\/{rel}","templated":true}]}}