{"id":15761,"date":"2022-05-13T16:39:01","date_gmt":"2022-05-13T14:39:01","guid":{"rendered":"https:\/\/www.camping-puntadoro.com\/appartamento\/condizioni-prenotazione\/"},"modified":"2024-12-17T11:45:24","modified_gmt":"2024-12-17T10:45:24","slug":"reservierungsbedingungen","status":"publish","type":"page","link":"https:\/\/www.camping-puntadoro.com\/de\/ferienappartement-punta-doro-iseo\/reservierungsbedingungen\/","title":{"rendered":"Reservierungsbedingungen"},"content":{"rendered":"\t\t<div data-elementor-type=\"wp-page\" data-elementor-id=\"15761\" class=\"elementor elementor-15761 elementor-14414\">\n\t\t\t\t\t\t<section class=\"elementor-section elementor-top-section elementor-element elementor-element-d611374 elementor-section-full_width qodef-elementor-content-grid elementor-section-height-default elementor-section-height-default\" data-id=\"d611374\" data-element_type=\"section\" data-e-type=\"section\">\n\t\t\t\t\t\t<div class=\"elementor-container elementor-column-gap-default\">\n\t\t\t\t\t<div class=\"elementor-column elementor-col-100 elementor-top-column elementor-element elementor-element-6f1f1b8\" data-id=\"6f1f1b8\" data-element_type=\"column\" data-e-type=\"column\">\n\t\t\t<div class=\"elementor-widget-wrap elementor-element-populated\">\n\t\t\t\t\t\t<div class=\"elementor-element elementor-element-6aea83a elementor-widget elementor-widget-kamperen_core_section_title\" data-id=\"6aea83a\" data-element_type=\"widget\" data-e-type=\"widget\" data-widget_type=\"kamperen_core_section_title.default\">\n\t\t\t\t<div class=\"elementor-widget-container\">\n\t\t\t\t\t<div class=\"qodef-shortcode qodef-m  qodef-section-title qodef-alignment--left \">\n\t\t<div class=\"qodef-m-tagline-mark\" >\n\t\tApartment\t<\/div>\n\t\t<h2 class=\"qodef-m-title\" style=\"margin-top: 8px\">\n\t\t\t\t\tReservierungsbedingungen \t\t\t<\/h2>\n\t<\/div>\n\t\t\t\t<\/div>\n\t\t\t\t<\/div>\n\t\t\t\t<div class=\"elementor-element elementor-element-912b712 elementor-widget elementor-widget-text-editor\" data-id=\"912b712\" data-element_type=\"widget\" data-e-type=\"widget\" data-widget_type=\"text-editor.default\">\n\t\t\t\t<div class=\"elementor-widget-container\">\n\t\t\t\t\t\t\t\t\t<p>Bitte lesen Sie unsere Buchungsbedingungen sorgf\u00e4ltig durch, da wir uns im Bedarfsfall darauf berufen werden. Campingplatz- und Hotelbuchungen basieren in Europa auf &#8222;Unterkunftsvertr\u00e4gen&#8220;, die f\u00fcr beide Parteien verbindlich sind. Es gibt keine unverbindlichen oder wetterabh\u00e4ngigen Reservierungen.<\/p><p>[ 1 ] Reservierungen ohne Best\u00e4tigung von uns sind nicht g\u00fcltig. Reservierungen sind nur mit unserer schriftlichen Best\u00e4tigung per E-Mail oder SMS g\u00fcltig.<\/p><p>[ 2 ] Buchungsdetails sind verbindlich Die Reservierung ist streng pers\u00f6nlich und kann nicht auf andere \u00fcbertragen werden. Es werden nicht mehr Personen zugelassen als in der Anfrage vermerkt sind.<\/p><p>[ 3 ] CHECK-IN<\/p><p>Der Check-in ist ab 15:30 h bis 20.00 h m\u00f6glich. Vor der Schl\u00fcssel\u00fcbergabe sind der Unterkunftsvertrag zu unterzeichnen und die DIfferenz aus Gesamtbetrag und Anzahlung zu bezahlen.\u00a0<\/p><div class=\"module--translations-translatedtext js-module--translations-translatedtext is-placeholder\" data-size=\"s\">[ 4 ] CHECK-OUT<\/div><div class=\"module--translations-translatedtext js-module--translations-translatedtext is-placeholder\" data-size=\"s\">Der Check-out ist ab 8:00 Uhr m\u00f6glich und muss bis maximal 11:00 Uhr erfolgen.<\/div><p>[ 5 ] G\u00fcltigkeit der Buchung<\/p><div class=\"module--translations-translatedtext js-module--translations-translatedtext is-placeholder\" data-size=\"s\">Die Wohnung wird ab 15.30 h bis 20.00 h zur Verf\u00fcgung gestellt. Bei verkehrsbedingten oder sonstigen Versp\u00e4tungen mu\u00df die Direktion unverz\u00fcglich telefonisch informiert werden (Tel. 0039 030 980084). Reist der Gast nicht am gebuchten Anreisetag an wird die Reservierung aufgehoben und die Anzahlung einbehalten.<\/div><div data-size=\"s\">\u00a0<\/div><div data-size=\"s\">[ 6 ] R\u00fcckerstattung der Anzahlung<\/div><div data-size=\"s\">Unter Anzahlung wird die Anzahlung gem\u00e4\u00df Art. 1385 des Zivilgesetzbuches verstanden und entspricht im Allgemeinen zwischen 25 und 40% der Gesamtkosten des Aufenthalts.<\/div><div data-size=\"s\">\u00a0<\/div><div data-size=\"s\">Wenn Sie alle Bedingungen der Reservierung einhalten, wird die Anzahlung vollst\u00e4ndig von der Endabrechnung abgezogen. Wenn Sie die Reservierung bis zu 30 Tage vor dem von Ihnen gebuchten Ankunftsdatum stornieren, erstattet Punta D \u0301Oro die Anzahlung abz\u00fcglich 30 EUR Buchungskosten. Wenn Sie die Reservierung weniger als 30 Tage vor dem von Ihnen gebuchten Ankunftsdatum stornieren, beh\u00e4lt Punta D \u0301Oro die Anzahlung ein. Der Aufenthalt mu\u00df beim Check-in bezahlt werden, so wie vom Gast gebucht. Auch bei versp\u00e4teter Ankunft oder vorzeitiger Abreise aufgrund von Wetterbedingungen, Fahrzeugsch\u00e4den, Krankheit oder pers\u00f6nlichen Gr\u00fcnden (Arbeit, famili\u00e4re Umst\u00e4nde).<\/div><p>[ 7 ] Besucher<\/p><p>Besucher sind weder in der Wohnung noch auf dem Strand oder Campingplatz gestattet<\/p><p>[ 8 ] Preisliste und Hausordnung<\/p><div class=\"module--translations-translatedtext js-module--translations-translatedtext is-placeholder\" data-size=\"m\">Die Preisliste und die Hausordung des Ferienhauses sind integraler Bestandteil der Buchungsbedingungen.<\/div><p>[ 9 ] Vorausbezahlung<br \/>Das Apartment wird beim Check-in bezahlt (DIfferenz aus Gesamtkosten und Anzahlung).<\/p><div class=\"module--translations-translatedtext js-module--translations-translatedtext is-placeholder\" data-size=\"s\">[ 10 ] Kaution<\/div><div class=\"module--translations-translatedtext js-module--translations-translatedtext is-placeholder\" data-size=\"s\">Bei der Ankunft wird eine Kaution in H\u00f6he von Euro 300 hinterlegt (in bar oder per Sofort\u00fcberweisung). Diese wird beim Check-out nach einem Kontrollgang ohne Beanstandungen seitens der Direktion komplett zur\u00fcckerstattet (in bar oder per Sofort\u00fcberweisung). Im Falle von Sch\u00e4den, die vom Gast verursacht worden sind, oder bei fehlender Ausr\u00fcstung sind wir gezwungen, die Kosten f\u00fcr Reparatur und\/oder Wiederbeschaffung mit der Kaution zu decken. \u00dcbersteigen die Kosten f\u00fcr den Schaden die Kaution mu\u00df der Gast die Differnez bezahlen.<\/div><div class=\"module--translations-translatedtext js-module--translations-translatedtext is-placeholder\" data-size=\"s\">\u00a0<\/div>\t\t\t\t\t\t\t\t<\/div>\n\t\t\t\t<\/div>\n\t\t\t\t\t<\/div>\n\t\t<\/div>\n\t\t\t\t\t<\/div>\n\t\t<\/section>\n\t\t\t\t<\/div>\n\t\t","protected":false},"excerpt":{"rendered":"<p>Apartment Reservierungsbedingungen Bitte lesen Sie unsere Buchungsbedingungen sorgf\u00e4ltig durch, da wir uns im Bedarfsfall darauf berufen werden. Campingplatz- und Hotelbuchungen basieren in Europa auf &#8222;Unterkunftsvertr\u00e4gen&#8220;, die f\u00fcr beide Parteien verbindlich sind. Es gibt keine unverbindlichen oder wetterabh\u00e4ngigen Reservierungen. [ 1 ] Reservierungen ohne Best\u00e4tigung von uns sind nicht g\u00fcltig. Reservierungen sind nur mit unserer schriftlichen [&hellip;]<\/p>\n","protected":false},"author":1,"featured_media":0,"parent":15664,"menu_order":5,"comment_status":"closed","ping_status":"closed","template":"","meta":{"_acf_changed":false,"footnotes":""},"class_list":["post-15761","page","type-page","status-publish","hentry"],"acf":[],"_links":{"self":[{"href":"https:\/\/www.camping-puntadoro.com\/de\/wp-json\/wp\/v2\/pages\/15761","targetHints":{"allow":["GET"]}}],"collection":[{"href":"https:\/\/www.camping-puntadoro.com\/de\/wp-json\/wp\/v2\/pages"}],"about":[{"href":"https:\/\/www.camping-puntadoro.com\/de\/wp-json\/wp\/v2\/types\/page"}],"author":[{"embeddable":true,"href":"https:\/\/www.camping-puntadoro.com\/de\/wp-json\/wp\/v2\/users\/1"}],"replies":[{"embeddable":true,"href":"https:\/\/www.camping-puntadoro.com\/de\/wp-json\/wp\/v2\/comments?post=15761"}],"version-history":[{"count":5,"href":"https:\/\/www.camping-puntadoro.com\/de\/wp-json\/wp\/v2\/pages\/15761\/revisions"}],"predecessor-version":[{"id":19687,"href":"https:\/\/www.camping-puntadoro.com\/de\/wp-json\/wp\/v2\/pages\/15761\/revisions\/19687"}],"up":[{"embeddable":true,"href":"https:\/\/www.camping-puntadoro.com\/de\/wp-json\/wp\/v2\/pages\/15664"}],"wp:attachment":[{"href":"https:\/\/www.camping-puntadoro.com\/de\/wp-json\/wp\/v2\/media?parent=15761"}],"curies":[{"name":"wp","href":"https:\/\/api.w.org\/{rel}","templated":true}]}}