{"id":15755,"date":"2022-05-13T16:18:56","date_gmt":"2022-05-13T14:18:56","guid":{"rendered":"https:\/\/www.camping-puntadoro.com\/appartamento\/servizi\/"},"modified":"2026-01-24T21:53:24","modified_gmt":"2026-01-24T20:53:24","slug":"serviceangebot","status":"publish","type":"page","link":"https:\/\/www.camping-puntadoro.com\/de\/ferienappartement-punta-doro-iseo\/serviceangebot\/","title":{"rendered":"Serviceleistungen"},"content":{"rendered":"\t\t<div data-elementor-type=\"wp-page\" data-elementor-id=\"15755\" class=\"elementor elementor-15755 elementor-14410\">\n\t\t\t\t\t\t<section class=\"elementor-section elementor-top-section elementor-element elementor-element-4e5ad47 elementor-section-full_width elementor-section-height-default elementor-section-height-default qodef-elementor-content-no\" data-id=\"4e5ad47\" data-element_type=\"section\" data-e-type=\"section\">\n\t\t\t\t\t\t<div class=\"elementor-container elementor-column-gap-default\">\n\t\t\t\t\t<div class=\"elementor-column elementor-col-100 elementor-top-column elementor-element elementor-element-2f494c3\" data-id=\"2f494c3\" data-element_type=\"column\" data-e-type=\"column\">\n\t\t\t<div class=\"elementor-widget-wrap elementor-element-populated\">\n\t\t\t\t\t\t<div class=\"elementor-element elementor-element-4351f24 elementor-widget elementor-widget-kamperen_core_section_title\" data-id=\"4351f24\" data-element_type=\"widget\" data-e-type=\"widget\" data-widget_type=\"kamperen_core_section_title.default\">\n\t\t\t\t<div class=\"elementor-widget-container\">\n\t\t\t\t\t<div class=\"qodef-shortcode qodef-m  qodef-section-title qodef-alignment--center \">\n\t\t<div class=\"qodef-m-tagline-mark\" >\n\t\tServiceleistungen\t<\/div>\n\t\t<h2 class=\"qodef-m-title\" style=\"margin-top: 6px\">\n\t\t\t\t\tIM APPARTEMENT\t\t\t<\/h2>\n\t<\/div>\n\t\t\t\t<\/div>\n\t\t\t\t<\/div>\n\t\t\t\t<div class=\"elementor-element elementor-element-2545129 elementor-widget elementor-widget-text-editor\" data-id=\"2545129\" data-element_type=\"widget\" data-e-type=\"widget\" data-widget_type=\"text-editor.default\">\n\t\t\t\t<div class=\"elementor-widget-container\">\n\t\t\t\t\t\t\t\t\t<p data-start=\"99\" data-end=\"463\">Genie\u00dfen Sie einen komfortablen Aufenthalt. <strong data-start=\"157\" data-end=\"212\">Klimatisierte Schlafzimmer f\u00fcr einen erholsamen Schlaf<\/strong>. <strong data-start=\"255\" data-end=\"273\">Schnelles WLAN<\/strong>, zum Arbeiten oder online sein ohne Unterbrechungen. Zwei Parkpl\u00e4tze im hinteren Garten, bequem und sicher. <strong data-start=\"396\" data-end=\"413\">Waschmaschine<\/strong> (5 kg) und W\u00e4schest\u00e4nder f\u00fcr unkomplizierte W\u00e4schepflege.<\/p><p data-start=\"465\" data-end=\"505\"><strong data-start=\"465\" data-end=\"503\">Zusatzleistungen: <\/strong>Zwischenreinigung 40 \u20ac. Bettw\u00e4schewechsel 30 \u20ac pro Bett.<\/p>\t\t\t\t\t\t\t\t<\/div>\n\t\t\t\t<\/div>\n\t\t\t\t<div class=\"elementor-element elementor-element-3bf7c4b elementor-widget elementor-widget-qi_addons_for_elementor_image_gallery_masonry\" data-id=\"3bf7c4b\" data-element_type=\"widget\" data-e-type=\"widget\" data-widget_type=\"qi_addons_for_elementor_image_gallery_masonry.default\">\n\t\t\t\t<div class=\"elementor-widget-container\">\n\t\t\t\t\t<div class=\"qodef-shortcode qodef-m qodef-qi-image-gallery-masonry qodef-qi-fslightbox-popup qodef-popup-gallery qodef-image--hover-zoom qodef-qi-grid qodef-layout--qi-masonry qodef-items--fixed qodef-col-num--3 qodef-responsive--predefined\">\n\t<div class=\"qodef-grid-inner\">\n\t\t\t<div class=\"qodef-qi-grid-masonry-sizer\"><\/div>\n<div class=\"qodef-e qodef-image-wrapper qodef-grid-item qodef-item--\">\n\t<div class=\"qodef-e-inner\">\n\t\t\t\t\t<a class=\"qodef-popup-item\" itemprop=\"image\" href=\"https:\/\/www.camping-puntadoro.com\/wp-content\/uploads\/2025\/01\/parcheggio-giardino-auto-scaled.jpg\" data-type=\"image\" data-fslightbox=\"gallery-1\">\n\t\t\t\t\t<img fetchpriority=\"high\" decoding=\"async\" width=\"2338\" height=\"2560\" src=\"https:\/\/www.camping-puntadoro.com\/wp-content\/uploads\/2025\/01\/parcheggio-giardino-auto-scaled.jpg\" class=\"attachment- size-\" alt=\"\" srcset=\"https:\/\/www.camping-puntadoro.com\/wp-content\/uploads\/2025\/01\/parcheggio-giardino-auto-scaled.jpg 2338w, https:\/\/www.camping-puntadoro.com\/wp-content\/uploads\/2025\/01\/parcheggio-giardino-auto-274x300.jpg 274w, https:\/\/www.camping-puntadoro.com\/wp-content\/uploads\/2025\/01\/parcheggio-giardino-auto-935x1024.jpg 935w, https:\/\/www.camping-puntadoro.com\/wp-content\/uploads\/2025\/01\/parcheggio-giardino-auto-768x841.jpg 768w, https:\/\/www.camping-puntadoro.com\/wp-content\/uploads\/2025\/01\/parcheggio-giardino-auto-1403x1536.jpg 1403w, https:\/\/www.camping-puntadoro.com\/wp-content\/uploads\/2025\/01\/parcheggio-giardino-auto-1870x2048.jpg 1870w\" sizes=\"(max-width: 2338px) 100vw, 2338px\" \/>\t\t\t\t\t<\/a>\n\t\t\t<\/div>\n<\/div>\n<div class=\"qodef-e qodef-image-wrapper qodef-grid-item qodef-item--\">\n\t<div class=\"qodef-e-inner\">\n\t\t\t\t\t<a class=\"qodef-popup-item\" itemprop=\"image\" href=\"https:\/\/www.camping-puntadoro.com\/wp-content\/uploads\/2022\/07\/wifi-1371030-1280.jpg\" data-type=\"image\" data-fslightbox=\"gallery-1\">\n\t\t\t\t\t<img decoding=\"async\" width=\"1280\" height=\"720\" src=\"https:\/\/www.camping-puntadoro.com\/wp-content\/uploads\/2022\/07\/wifi-1371030-1280.jpg\" class=\"attachment- size-\" alt=\"\" srcset=\"https:\/\/www.camping-puntadoro.com\/wp-content\/uploads\/2022\/07\/wifi-1371030-1280.jpg 1280w, https:\/\/www.camping-puntadoro.com\/wp-content\/uploads\/2022\/07\/wifi-1371030-1280-300x169.jpg 300w, https:\/\/www.camping-puntadoro.com\/wp-content\/uploads\/2022\/07\/wifi-1371030-1280-1024x576.jpg 1024w, https:\/\/www.camping-puntadoro.com\/wp-content\/uploads\/2022\/07\/wifi-1371030-1280-768x432.jpg 768w\" sizes=\"(max-width: 1280px) 100vw, 1280px\" \/>\t\t\t\t\t<\/a>\n\t\t\t<\/div>\n<\/div>\n<div class=\"qodef-e qodef-image-wrapper qodef-grid-item qodef-item--\">\n\t<div class=\"qodef-e-inner\">\n\t\t\t\t\t<a class=\"qodef-popup-item\" itemprop=\"image\" href=\"https:\/\/www.camping-puntadoro.com\/wp-content\/uploads\/2025\/01\/img-5233-scaled.jpg\" data-type=\"image\" data-fslightbox=\"gallery-1\">\n\t\t\t\t\t<img decoding=\"async\" width=\"2560\" height=\"1920\" src=\"https:\/\/www.camping-puntadoro.com\/wp-content\/uploads\/2025\/01\/img-5233-scaled.jpg\" class=\"attachment- size-\" alt=\"\" srcset=\"https:\/\/www.camping-puntadoro.com\/wp-content\/uploads\/2025\/01\/img-5233-scaled.jpg 2560w, https:\/\/www.camping-puntadoro.com\/wp-content\/uploads\/2025\/01\/img-5233-300x225.jpg 300w, https:\/\/www.camping-puntadoro.com\/wp-content\/uploads\/2025\/01\/img-5233-1024x768.jpg 1024w, https:\/\/www.camping-puntadoro.com\/wp-content\/uploads\/2025\/01\/img-5233-768x576.jpg 768w, https:\/\/www.camping-puntadoro.com\/wp-content\/uploads\/2025\/01\/img-5233-1536x1152.jpg 1536w, https:\/\/www.camping-puntadoro.com\/wp-content\/uploads\/2025\/01\/img-5233-2048x1536.jpg 2048w\" sizes=\"(max-width: 2560px) 100vw, 2560px\" \/>\t\t\t\t\t<\/a>\n\t\t\t<\/div>\n<\/div>\n\t<\/div>\n<\/div>\n\t\t\t\t<\/div>\n\t\t\t\t<\/div>\n\t\t\t\t\t<\/div>\n\t\t<\/div>\n\t\t\t\t\t<\/div>\n\t\t<\/section>\n\t\t\t\t<section class=\"elementor-section elementor-top-section elementor-element elementor-element-3293dde elementor-section-full_width elementor-section-height-default elementor-section-height-default qodef-elementor-content-no\" data-id=\"3293dde\" data-element_type=\"section\" data-e-type=\"section\">\n\t\t\t\t\t\t<div class=\"elementor-container elementor-column-gap-default\">\n\t\t\t\t\t<div class=\"elementor-column elementor-col-100 elementor-top-column elementor-element elementor-element-c9bfebb\" data-id=\"c9bfebb\" data-element_type=\"column\" data-e-type=\"column\">\n\t\t\t<div class=\"elementor-widget-wrap elementor-element-populated\">\n\t\t\t\t\t\t<div class=\"elementor-element elementor-element-0c0c695 elementor-widget elementor-widget-kamperen_core_section_title\" data-id=\"0c0c695\" data-element_type=\"widget\" data-e-type=\"widget\" data-widget_type=\"kamperen_core_section_title.default\">\n\t\t\t\t<div class=\"elementor-widget-container\">\n\t\t\t\t\t<div class=\"qodef-shortcode qodef-m  qodef-section-title qodef-alignment--center \">\n\t\t<div class=\"qodef-m-tagline-mark\" >\n\t\tServiceleistungen\t<\/div>\n\t\t<h2 class=\"qodef-m-title\" style=\"margin-top: 6px\">\n\t\t\t\t\tAUF DEM CAMPINGPLATZ<br \/> \t\t\t<\/h2>\n\t<\/div>\n\t\t\t\t<\/div>\n\t\t\t\t<\/div>\n\t\t\t\t<div class=\"elementor-element elementor-element-0a11aa9 elementor-widget elementor-widget-text-editor\" data-id=\"0a11aa9\" data-element_type=\"widget\" data-e-type=\"widget\" data-widget_type=\"text-editor.default\">\n\t\t\t\t<div class=\"elementor-widget-container\">\n\t\t\t\t\t\t\t\t\t<p>Nur 300 m vom Apartment haben Sie freien Zutritt zum Strand des Campingplatzes Punta D\u2019Oro, ideal zum Relaxen oder Schwimmen. Sie nutzen den Strand gemeinsam mit den Campingg\u00e4sten. Ihnen stehen vier Liegest\u00fchle zur Verf\u00fcgung, um Sonne zu tanken und die Aussicht zu genie\u00dfen.<\/p><p data-start=\"503\" data-end=\"581\">Es stehen au\u00dferdem alle weiteren Einrichtungen des Campingplatzes zur Verf\u00fcgung:<\/p><p data-start=\"584\" data-end=\"617\"><strong data-start=\"584\" data-end=\"601\">Strandzeiten:<\/strong> 07:30 \u2013 20:00.<\/p><p data-start=\"620\" data-end=\"669\"><strong data-start=\"620\" data-end=\"644\">Sanit\u00e4reinrichtungen<\/strong> mit m\u00fcnzfreien Duschen.<\/p><p data-start=\"672\" data-end=\"723\"><strong data-start=\"672\" data-end=\"697\">SUP- und Kajakverleih<\/strong>, um den See zu erkunden.<\/p><p data-start=\"726\" data-end=\"787\"><strong data-start=\"726\" data-end=\"753\">Bojen (kostenpflichtig)<\/strong> f\u00fcr eigene oder gemietete Boote.<\/p><p data-start=\"790\" data-end=\"812\"><strong data-start=\"790\" data-end=\"810\">Kostenloses WLAN.<\/strong><\/p><p data-start=\"815\" data-end=\"836\"><strong data-start=\"815\" data-end=\"834\">Bar &amp; Minimarkt.<\/strong><\/p>\t\t\t\t\t\t\t\t<\/div>\n\t\t\t\t<\/div>\n\t\t\t\t<div class=\"elementor-element elementor-element-d7f91f8 elementor-widget elementor-widget-qi_addons_for_elementor_image_gallery_masonry\" data-id=\"d7f91f8\" data-element_type=\"widget\" data-e-type=\"widget\" data-widget_type=\"qi_addons_for_elementor_image_gallery_masonry.default\">\n\t\t\t\t<div class=\"elementor-widget-container\">\n\t\t\t\t\t<div class=\"qodef-shortcode qodef-m qodef-qi-image-gallery-masonry qodef-qi-fslightbox-popup qodef-popup-gallery qodef-image--hover-zoom qodef-qi-grid qodef-layout--qi-masonry qodef-items--fixed qodef-col-num--3 qodef-responsive--predefined\">\n\t<div class=\"qodef-grid-inner\">\n\t\t\t<div class=\"qodef-qi-grid-masonry-sizer\"><\/div>\n<div class=\"qodef-e qodef-image-wrapper qodef-grid-item qodef-item--square\">\n\t<div class=\"qodef-e-inner\">\n\t\t\t\t\t<a class=\"qodef-popup-item\" itemprop=\"image\" href=\"https:\/\/www.camping-puntadoro.com\/wp-content\/uploads\/2022\/05\/img-7199-2-scaled.jpeg\" data-type=\"image\" data-fslightbox=\"gallery-2\">\n\t\t\t\t\t<img loading=\"lazy\" decoding=\"async\" width=\"650\" height=\"650\" src=\"https:\/\/www.camping-puntadoro.com\/wp-content\/uploads\/2022\/05\/img-7199-2-650x650.jpeg\" class=\"attachment-qi_addons_for_elementor_image_size_square size-qi_addons_for_elementor_image_size_square\" alt=\"\" srcset=\"https:\/\/www.camping-puntadoro.com\/wp-content\/uploads\/2022\/05\/img-7199-2-650x650.jpeg 650w, https:\/\/www.camping-puntadoro.com\/wp-content\/uploads\/2022\/05\/img-7199-2-150x150.jpeg 150w, https:\/\/www.camping-puntadoro.com\/wp-content\/uploads\/2022\/05\/img-7199-2-1300x1300.jpeg 1300w\" sizes=\"(max-width: 650px) 100vw, 650px\" \/>\t\t\t\t\t<\/a>\n\t\t\t<\/div>\n<\/div>\n<div class=\"qodef-e qodef-image-wrapper qodef-grid-item qodef-item--square\">\n\t<div class=\"qodef-e-inner\">\n\t\t\t\t\t<a class=\"qodef-popup-item\" itemprop=\"image\" href=\"https:\/\/www.camping-puntadoro.com\/wp-content\/uploads\/2022\/02\/lago-lavanda.jpg\" data-type=\"image\" data-fslightbox=\"gallery-2\">\n\t\t\t\t\t<img loading=\"lazy\" decoding=\"async\" width=\"650\" height=\"650\" src=\"https:\/\/www.camping-puntadoro.com\/wp-content\/uploads\/2022\/02\/lago-lavanda-650x650.jpg\" class=\"attachment-qi_addons_for_elementor_image_size_square size-qi_addons_for_elementor_image_size_square\" alt=\"\" srcset=\"https:\/\/www.camping-puntadoro.com\/wp-content\/uploads\/2022\/02\/lago-lavanda-650x650.jpg 650w, https:\/\/www.camping-puntadoro.com\/wp-content\/uploads\/2022\/02\/lago-lavanda-150x150.jpg 150w, https:\/\/www.camping-puntadoro.com\/wp-content\/uploads\/2022\/02\/lago-lavanda-1300x1300.jpg 1300w\" sizes=\"(max-width: 650px) 100vw, 650px\" \/>\t\t\t\t\t<\/a>\n\t\t\t<\/div>\n<\/div>\n<div class=\"qodef-e qodef-image-wrapper qodef-grid-item qodef-item--\">\n\t<div class=\"qodef-e-inner\">\n\t\t\t\t\t<a class=\"qodef-popup-item\" itemprop=\"image\" href=\"https:\/\/www.camping-puntadoro.com\/wp-content\/uploads\/2022\/05\/lago-bagno-ragazzi-scaled.jpg\" data-type=\"image\" data-fslightbox=\"gallery-2\">\n\t\t\t\t\t<img loading=\"lazy\" decoding=\"async\" width=\"2560\" height=\"1920\" src=\"https:\/\/www.camping-puntadoro.com\/wp-content\/uploads\/2022\/05\/lago-bagno-ragazzi-scaled.jpg\" class=\"attachment- size-\" alt=\"\" srcset=\"https:\/\/www.camping-puntadoro.com\/wp-content\/uploads\/2022\/05\/lago-bagno-ragazzi-scaled.jpg 2560w, https:\/\/www.camping-puntadoro.com\/wp-content\/uploads\/2022\/05\/lago-bagno-ragazzi-300x225.jpg 300w, https:\/\/www.camping-puntadoro.com\/wp-content\/uploads\/2022\/05\/lago-bagno-ragazzi-1024x768.jpg 1024w, https:\/\/www.camping-puntadoro.com\/wp-content\/uploads\/2022\/05\/lago-bagno-ragazzi-768x576.jpg 768w, https:\/\/www.camping-puntadoro.com\/wp-content\/uploads\/2022\/05\/lago-bagno-ragazzi-1536x1152.jpg 1536w, https:\/\/www.camping-puntadoro.com\/wp-content\/uploads\/2022\/05\/lago-bagno-ragazzi-2048x1536.jpg 2048w\" sizes=\"(max-width: 2560px) 100vw, 2560px\" \/>\t\t\t\t\t<\/a>\n\t\t\t<\/div>\n<\/div>\n<div class=\"qodef-e qodef-image-wrapper qodef-grid-item qodef-item--landscape\">\n\t<div class=\"qodef-e-inner\">\n\t\t\t\t\t<a class=\"qodef-popup-item\" itemprop=\"image\" href=\"https:\/\/www.camping-puntadoro.com\/wp-content\/uploads\/2022\/02\/lago-trasparente-canoa.jpg\" data-type=\"image\" data-fslightbox=\"gallery-2\">\n\t\t\t\t\t<img loading=\"lazy\" decoding=\"async\" width=\"1024\" height=\"650\" src=\"https:\/\/www.camping-puntadoro.com\/wp-content\/uploads\/2022\/02\/lago-trasparente-canoa-1024x650.jpg\" class=\"attachment-qi_addons_for_elementor_image_size_landscape size-qi_addons_for_elementor_image_size_landscape\" alt=\"\" \/>\t\t\t\t\t<\/a>\n\t\t\t<\/div>\n<\/div>\n<div class=\"qodef-e qodef-image-wrapper qodef-grid-item qodef-item--square\">\n\t<div class=\"qodef-e-inner\">\n\t\t\t\t\t<a class=\"qodef-popup-item\" itemprop=\"image\" href=\"https:\/\/www.camping-puntadoro.com\/wp-content\/uploads\/2022\/02\/img-5901-2-scaled.jpeg\" data-type=\"image\" data-fslightbox=\"gallery-2\">\n\t\t\t\t\t<img loading=\"lazy\" decoding=\"async\" width=\"650\" height=\"650\" src=\"https:\/\/www.camping-puntadoro.com\/wp-content\/uploads\/2022\/02\/img-5901-2-650x650.jpeg\" class=\"attachment-qi_addons_for_elementor_image_size_square size-qi_addons_for_elementor_image_size_square\" alt=\"\" srcset=\"https:\/\/www.camping-puntadoro.com\/wp-content\/uploads\/2022\/02\/img-5901-2-650x650.jpeg 650w, https:\/\/www.camping-puntadoro.com\/wp-content\/uploads\/2022\/02\/img-5901-2-150x150.jpeg 150w, https:\/\/www.camping-puntadoro.com\/wp-content\/uploads\/2022\/02\/img-5901-2-1300x1300.jpeg 1300w\" sizes=\"(max-width: 650px) 100vw, 650px\" \/>\t\t\t\t\t<\/a>\n\t\t\t<\/div>\n<\/div>\n\t<\/div>\n<\/div>\n\t\t\t\t<\/div>\n\t\t\t\t<\/div>\n\t\t\t\t\t<\/div>\n\t\t<\/div>\n\t\t\t\t\t<\/div>\n\t\t<\/section>\n\t\t\t\t<\/div>\n\t\t","protected":false},"excerpt":{"rendered":"<p>Serviceleistungen IM APPARTEMENT Genie\u00dfen Sie einen komfortablen Aufenthalt. Klimatisierte Schlafzimmer f\u00fcr einen erholsamen Schlaf. Schnelles WLAN, zum Arbeiten oder online sein ohne Unterbrechungen. Zwei Parkpl\u00e4tze im hinteren Garten, bequem und sicher. Waschmaschine (5 kg) und W\u00e4schest\u00e4nder f\u00fcr unkomplizierte W\u00e4schepflege. Zusatzleistungen: Zwischenreinigung 40 \u20ac. Bettw\u00e4schewechsel 30 \u20ac pro Bett. Serviceleistungen AUF DEM CAMPINGPLATZ Nur 300 m [&hellip;]<\/p>\n","protected":false},"author":1,"featured_media":0,"parent":15664,"menu_order":1,"comment_status":"closed","ping_status":"closed","template":"","meta":{"_acf_changed":false,"footnotes":""},"class_list":["post-15755","page","type-page","status-publish","hentry"],"acf":[],"_links":{"self":[{"href":"https:\/\/www.camping-puntadoro.com\/de\/wp-json\/wp\/v2\/pages\/15755","targetHints":{"allow":["GET"]}}],"collection":[{"href":"https:\/\/www.camping-puntadoro.com\/de\/wp-json\/wp\/v2\/pages"}],"about":[{"href":"https:\/\/www.camping-puntadoro.com\/de\/wp-json\/wp\/v2\/types\/page"}],"author":[{"embeddable":true,"href":"https:\/\/www.camping-puntadoro.com\/de\/wp-json\/wp\/v2\/users\/1"}],"replies":[{"embeddable":true,"href":"https:\/\/www.camping-puntadoro.com\/de\/wp-json\/wp\/v2\/comments?post=15755"}],"version-history":[{"count":5,"href":"https:\/\/www.camping-puntadoro.com\/de\/wp-json\/wp\/v2\/pages\/15755\/revisions"}],"predecessor-version":[{"id":23456,"href":"https:\/\/www.camping-puntadoro.com\/de\/wp-json\/wp\/v2\/pages\/15755\/revisions\/23456"}],"up":[{"embeddable":true,"href":"https:\/\/www.camping-puntadoro.com\/de\/wp-json\/wp\/v2\/pages\/15664"}],"wp:attachment":[{"href":"https:\/\/www.camping-puntadoro.com\/de\/wp-json\/wp\/v2\/media?parent=15755"}],"curies":[{"name":"wp","href":"https:\/\/api.w.org\/{rel}","templated":true}]}}