{"id":12374,"date":"2021-05-31T15:23:13","date_gmt":"2021-05-31T15:23:13","guid":{"rendered":"http:\/\/camping-puntadoro.com\/privacy-policy-2\/"},"modified":"2022-02-26T10:46:50","modified_gmt":"2022-02-26T09:46:50","slug":"privacy","status":"publish","type":"page","link":"https:\/\/www.camping-puntadoro.com\/de\/privacy\/","title":{"rendered":"Privacy"},"content":{"rendered":"\t\t<div data-elementor-type=\"wp-page\" data-elementor-id=\"12374\" class=\"elementor elementor-12374 elementor-7914\">\n\t\t\t\t\t\t<section class=\"elementor-section elementor-top-section elementor-element elementor-element-5ec1b3d3 elementor-section-full_width qodef-elementor-content-grid elementor-section-height-default elementor-section-height-default\" data-id=\"5ec1b3d3\" data-element_type=\"section\" data-e-type=\"section\">\n\t\t\t\t\t\t<div class=\"elementor-container elementor-column-gap-default\">\n\t\t\t\t\t<div class=\"elementor-column elementor-col-100 elementor-top-column elementor-element elementor-element-32688814\" data-id=\"32688814\" data-element_type=\"column\" data-e-type=\"column\">\n\t\t\t<div class=\"elementor-widget-wrap elementor-element-populated\">\n\t\t\t\t\t\t<div class=\"elementor-element elementor-element-9077e54 elementor-widget elementor-widget-text-editor\" data-id=\"9077e54\" data-element_type=\"widget\" data-e-type=\"widget\" data-widget_type=\"text-editor.default\">\n\t\t\t\t<div class=\"elementor-widget-container\">\n\t\t\t\t\t\t\t\t\t<h2 class=\"maintitle\">PRIVACY POLICY<\/h2>\n<p class=\"p1\">PERLA SNC VON ZATTI C. &amp; C. CAMPEGGIO PUNTA D&#8217;ORO<\/p>\n<p class=\"p1\">VIA I. ANTONIOLI, 51\/53 &#8211; 25049 ISEO (BS) &#8211; ITALIEN<\/p>\n<p class=\"p1\">Informationen gem\u00e4\u00df und f\u00fcr Zwecke von Art. 13, Re. EU. 2016\/679<\/p>\n<p class=\"p1\"><span style=\"color: var( --e-global-color-text ); font-family: var( --e-global-typography-text-font-family ), Sans-serif;\">Wir m\u00f6chten Sie darauf hinweisen, dass die EU-Verordnung 2016\/679 (&#8222;Europ\u00e4ische Verordnung zum Schutz personenbezogener Daten&#8220;) den Schutz von Personen und anderen Personen sowie den Respekt bei der Verarbeitung personenbezogener Daten vorsieht. Nach Art. 13 daher stellen wir Ihnen folgende Informationen zur Verf\u00fcgung:<\/span><br><\/p>\n<p class=\"p1\">1. Zweck, Rechtsgrundlage der Datenverarbeitung:<\/p>\n<p class=\"p1\">a) Die Verarbeitung der von Ihnen zur Verf\u00fcgung gestellten personenbezogenen Daten erfolgt ausschlie\u00dflich zur Erf\u00fcllung der vertraglichen Verpflichtungen und zur Erf\u00fcllung ihrer spezifischen Anforderungen sowie zur Einhaltung der aufsichtsrechtlichen Verpflichtungen, insbesondere der Buchhaltungs-, Steuer- und Registrierungsanforderungen f\u00fcr Aufenthalte in unserer Einrichtung.<\/p>\n<p class=\"p1\">b) Dar\u00fcber hinaus werden Ihre Daten mit der vorherigen Zustimmung von Artikel 7 f\u00fcr Marketingaktivit\u00e4ten f\u00fcr kommerzielle Angebote und Werbematerial verwendet, das per E-Mail, Post, Telefonkontakt, Newsletter, SMS, Facebook, Instagram und sozialen Netzwerken \u00fcbermittelt wird.<\/p>\n<p class=\"p1\">2. Verarbeitungsmethoden:<\/p>\n<p class=\"p1\">Ihre Daten werden zu den angegebenen Zwecken elektronisch und manuell verarbeitet. Die Verarbeitungsvorg\u00e4nge werden so ausgef\u00fchrt, dass die logische, physische Sicherheit und Vertraulichkeit Ihrer pers\u00f6nlichen Daten gew\u00e4hrleistet sind.<\/p>\n<p class=\"p1\">3. Berechtigte Interessen des Datenverantwortlichen oder Dritter:<\/p>\n<p class=\"p1\">Die legitimen Interessen, die der Datenkontrolleur bei der Datenverarbeitung verfolgt, werden dadurch gegeben, dass er die vertraglichen Verpflichtungen, die zwischen den Parteien unterzeichnet wurden, einhalten muss.<\/p>\n<p class=\"p1\">4. Art der pers\u00f6nlichen Daten:<\/p>\n<p class=\"p1\">Ihre personenbezogenen Daten und die der Familieneinheit werden bei einem Aufenthalt mit denselben Vertr\u00e4gen in der Erf\u00fcllung der von Ihnen gew\u00fcnschten Dienstleistung verarbeitet.<\/p>\n<p class=\"p1\">5. Obligatorische oder fakultative Natur der Bestimmung<\/p>\n<p class=\"p1\">Ihre pers\u00f6nlichen Daten werden verarbeitet:<\/p>\n<p class=\"p1\">A) ohne Ihre zwingende Zustimmung zur Erf\u00fcllung vorvertraglicher, vertraglicher und steuerlicher Verpflichtungen; die Verpflichtungen erf\u00fcllen, die das Gesetz, eine Verordnung, das Gemeinschaftsrecht oder eine Anordnung der Beh\u00f6rde vorschreibt; die Rechte des Eigent\u00fcmers aus\u00fcben, zum Beispiel das Recht, sich vor Gericht zu verteidigen;<\/p>\n<p class=\"p1\">B) nur mit Ihrer ausdr\u00fccklichen und optionalen Einwilligung f\u00fcr Marketingzwecke. um Ihnen kommerzielle Kommunikationen per Fax \/ SMS \/ E-Mail \u00fcber Dienstleistungen und Produkte zu senden.<\/p>\n<p class=\"p1\">6. Umfang der Kommunikation und Verbreitung von Daten.<\/p>\n<p class=\"p1\">Ihre Daten k\u00f6nnen ver\u00f6ffentlicht werden:<\/p>\n<p class=\"p1\">\u00b7 Nach dem Gesetzesdekret des Innenministeriums vom 7. Januar 2013 zum Polizeidirektor verpflichtet.<\/p>\n<p class=\"p1\">\u00b7 F\u00fcr alle Personen, f\u00fcr die die M\u00f6glichkeit des Zugriffs auf solche Daten geltend gemacht wird, gelten normative Bestimmungen.<\/p>\n<p class=\"p1\">An unsere Mitarbeiter und Mitarbeiter als Teil ihrer Aufgaben.<\/p>\n<p class=\"p1\">\u00b7 An alle diese nat\u00fcrlichen und \/ oder juristischen Personen, die \u00f6ffentlich und \/ oder privat sind, wenn die Kommunikation f\u00fcr die Aus\u00fcbung unserer T\u00e4tigkeit sowie f\u00fcr die oben beschriebenen Arten und Zwecke erforderlich oder zweckdienlich ist, z. B. Banken, Versicherungsgesellschaften, Pr\u00fcfstellen, Institutionen von Kontrolle, Inkassounternehmen usw.<\/p>\n<p class=\"p1\">7. Weitergabe personenbezogener Daten an ein Drittland.<\/p>\n<p class=\"p1\">Die Daten werden nicht au\u00dferhalb der Europ\u00e4ischen Union \u00fcbertragen.<\/p>\n<p class=\"p1\">8. Art und Dauer der Speicherung personenbezogener Daten.<\/p>\n<p class=\"p1\">Ihre personenbezogenen Daten werden f\u00fcr die unbedingt notwendige Zeit gespeichert. Insbesondere Steuer- und Abrechnungsdaten aus der Beendigung der 11-j\u00e4hrigen Beziehung.<\/p>\n<p class=\"p1\">9. Vorhandensein eines automatisierten Entscheidungsprozesses.<\/p>\n<p class=\"p1\">Es gibt keinen automatisierten Entscheidungsprozess.<\/p>\n<p class=\"p1\">10. Angaben zum Besitzer.<\/p>\n<p class=\"p1\">DER &#8222;BESITZER&#8220; DER VERARBEITUNG gem\u00e4\u00df Artikel 28 des Kodex zum Schutz personenbezogener Daten ist PERLA SNC DI ZATTI C. &amp; C. CAMPEGGIO PUNTA D&#8217;ORO VIA I. ANTONIOLI, 51\/53 &#8211; 25049 ISEO (BS ), Tel. 030980084, E-Mail: <span id=\"cloak706cddecb4d73f60742e7098ebae211a\"><a href=\"mailto:info@camping-puntadoro.com\">info@camping-puntadoro.com<\/a><\/span> in der Person des gesetzlichen Vertreters MASSIMO BRESCIANINI.<\/p>\n<p class=\"p1\">11. Rechte des Interessenten.<\/p>\n<p class=\"p1\">11.1 Artikel 15 (Recht auf Zugang), 16 (Recht auf Berichtigung) der EU-Verordnung 2016\/679.<\/p>\n<p class=\"p1\">Der Interessent hat das Recht, von dem f\u00fcr die Datenverarbeitung Verantwortlichen die Best\u00e4tigung zu erhalten, dass die Verarbeitung personenbezogener Daten, die ihn betreffen, durchgef\u00fchrt wird, und in diesem Fall Zugang zu den in diesen Informationen enthaltenen personenbezogenen Daten und Informationen zu erhalten.<\/p>\n<p class=\"p1\">11.2 Recht in Kunst. 17 der EU-Verordnung 2016\/679 &#8211; Widerrufsrecht (&#8222;Recht auf Vergessenheit&#8220;).<\/p>\n<p class=\"p1\">Der Interessent hat das Recht, von dem f\u00fcr die Datenverarbeitung Verantwortlichen die L\u00f6schung seiner ihn betreffenden personenbezogenen Daten ohne ungerechtfertigte Verz\u00f6gerung zu verlangen, und der f\u00fcr die Datenverarbeitung Verantwortliche ist verpflichtet, personenbezogene Daten ohne ungerechtfertigte Verz\u00f6gerung zu l\u00f6schen, wenn einer der folgenden Gr\u00fcnde vorliegt:<\/p>\n<p class=\"p1\">a) personenbezogene Daten sind im Hinblick auf die Zwecke, zu denen sie erhoben oder anderweitig verarbeitet wurden, nicht mehr erforderlich;<\/p>\n<p class=\"p1\">b) die betroffene Person zieht die Einwilligung, auf die sich die Verarbeitung bezieht, gem\u00e4\u00df Artikel 6 Absatz 1 Buchstabe a) oder Artikel 9 Absatz 2 Buchstabe a zur\u00fcck und wenn keine andere Rechtsgrundlage f\u00fcr die Verarbeitung besteht ;<\/p>\n<p class=\"p1\">c) die betroffene Person widerspricht der Verarbeitung gem\u00e4\u00df Artikel 21 Absatz 1 und es gibt keinen legitimen Grund f\u00fcr die Verarbeitung, oder er lehnt die Verarbeitung gem\u00e4\u00df Artikel 21 Absatz 2 ab;<\/p>\n<p class=\"p1\">d) personenbezogene Daten wurden rechtswidrig verarbeitet;<\/p>\n<p class=\"p1\">e) personenbezogene Daten m\u00fcssen gel\u00f6scht werden, um eine gesetzliche Verpflichtung zu erf\u00fcllen, die durch Unionsrecht oder den Mitgliedstaat, dem der Datenverantwortliche unterliegt, festgelegt ist;<\/p>\n<p class=\"p1\">f) Es wurden personenbezogene Daten zum Angebot von Diensten der Informationsgesellschaft gem\u00e4\u00df Artikel 8 Absatz 1 der EU-Verordnung 2016\/679 erhoben.<\/p>\n<p class=\"p1\">11.3 Recht nach art. 18 Recht auf Beschr\u00e4nkung der Behandlung.<\/p>\n<p class=\"p1\">Der Interessent hat das Recht, die Beschr\u00e4nkung der Behandlung vom Datenverantwortlichen zu erhalten, wenn eine der folgenden Hypothesen auftritt:<\/p>\n<p class=\"p1\">a) Die betroffene Person bestreitet die Richtigkeit der personenbezogenen Daten f\u00fcr den Zeitraum, den der Datenverantwortliche zur \u00dcberpr\u00fcfung der Richtigkeit dieser personenbezogenen Daten ben\u00f6tigt.<\/p>\n<p class=\"p1\">b) die Verarbeitung ist rechtswidrig und die betroffene Person widerspricht der L\u00f6schung personenbezogener Daten und fordert statt dessen eine Beschr\u00e4nkung ihrer Verwendung auf;<\/p>\n<p class=\"p1\">c) Obwohl der Datenverantwortliche sie nicht mehr f\u00fcr die Verarbeitung ben\u00f6tigt, sind personenbezogene Daten erforderlich, damit der Betroffene ein Recht vor Gericht feststellen, aus\u00fcben oder verteidigen kann.<\/p>\n<p class=\"p1\">d) Die interessierte Partei hat die Verarbeitung gem\u00e4\u00df Artikel 21 Absatz 1 der EU-Verordnung 2016\/679 bis zur \u00dcberpr\u00fcfung der m\u00f6glichen Verbreitung der legitimen Gr\u00fcnde des f\u00fcr die Datenverarbeitung Verantwortlichen gegen\u00fcber denen der interessierten Partei abgelehnt.<\/p>\n<p class=\"p1\">11.4 In Artikel 20 genanntes Recht auf Recht auf Datenportabilit\u00e4t.<\/p>\n<p class=\"p1\">Der Interessent hat das Recht, die ihm betreffenden personenbezogenen Daten, die einem Datenverantwortlichen zur Verf\u00fcgung gestellt werden, in einem strukturierten Format zu erhalten, das \u00fcblicherweise von einem automatischen Ger\u00e4t verwendet und gelesen werden kann, und er hat das Recht, diese Daten ohne Behinderung an einen anderen Datenverantwortlichen zu \u00fcbermitteln Teil des Datencontrollers.<\/p>\n<p class=\"p1\">Wenn Sie weitere Informationen zur Verarbeitung Ihrer personenbezogenen Daten w\u00fcnschen, dh die in Absatz 11 genannten Rechte aus\u00fcben m\u00f6chten, k\u00f6nnen Sie die folgende E-Mail-Adresse kontaktieren:<\/p>\n<p class=\"p1\">Bevor Sie diese Informationen in k\u00fcrzester technischer Zeit bereitstellen oder \u00e4ndern k\u00f6nnen, m\u00fcssen Sie m\u00f6glicherweise Ihre Identit\u00e4t \u00fcberpr\u00fcfen und einige pers\u00f6nliche Fragen zu den bereitgestellten Daten beantworten.<\/p>\n<p class=\"p1\">12. R\u00fccknahme der Einwilligung zur Behandlung.<\/p>\n<p class=\"p1\">Der Interessent hat das Recht, die Einwilligung jederzeit zu widerrufen, ohne die Rechtm\u00e4\u00dfigkeit der Bearbeitung aufgrund der vor dem Widerruf erteilten Einwilligung zu beeintr\u00e4chtigen.<\/p>\n<p class=\"p1\">Sie haben das Recht, Ihre Zustimmung zur Verarbeitung Ihrer pers\u00f6nlichen Daten zu widerrufen, indem Sie eine E-Mail an die folgende E-Mail-Adresse senden: <span id=\"cloak51c3110ce37a1fd8403ee9128e8d95e9\"><a href=\"mailto:camping-puntadoro@legalmail.it\">camping-puntadoro@legalmail.it<\/a><\/span>, zusammen mit einer Fotokopie Ihres Ausweises, mit folgendem Text: &lt;&lt; Widerruf von Einwilligung in die Verarbeitung aller meiner pers\u00f6nlichen Daten &gt;&gt;. Am Ende dieses Vorgangs werden Ihre pers\u00f6nlichen Daten so schnell wie m\u00f6glich aus den Archiven entfernt.<\/p>\n<p class=\"p1\">12. R\u00fccknahme der Einwilligung zur Behandlung.<\/p>\n<p class=\"p1\">Der Interessent hat das Recht, die Einwilligung jederzeit zu widerrufen, ohne die Rechtm\u00e4\u00dfigkeit der Bearbeitung aufgrund der vor dem Widerruf erteilten Einwilligung zu beeintr\u00e4chtigen.<\/p>\n<p class=\"p1\">Sie haben das Recht, Ihre Zustimmung zur Verarbeitung Ihrer pers\u00f6nlichen Daten zu widerrufen, indem Sie eine E-Mail an die folgende E-Mail-Adresse senden: <span id=\"cloakff040d3ab4615197dc2eacfc8e659803\"><a href=\"mailto:camping-puntadoro@legalmail.it\">camping-puntadoro@legalmail.it<\/a><\/span>, zusammen mit einer Fotokopie Ihres Ausweises, mit folgendem Text: &lt;&lt; Widerruf von Einwilligung in die Verarbeitung aller meiner pers\u00f6nlichen Daten &gt;&gt;. Am Ende dieses Vorgangs werden Ihre pers\u00f6nlichen Daten so schnell wie m\u00f6glich aus den Archiven entfernt.<\/p>\n<p class=\"p1\">13. Cookie-Richtlinien &#8211; Unsere Cookie-Richtlinien.<\/p>\n<p class=\"p1\">Wie viele andere Websites kann unsere Website www.camping-puntadoro.com Informationen speichern oder vom Browser abrufen, insbesondere in Form von Cookies. Diese Informationen k\u00f6nnen sich auf den Benutzer, seine Pr\u00e4ferenzen oder die Internetzugangsvorrichtung (Computer, Tablet oder Mobiltelefon) beziehen, die haupts\u00e4chlich dazu verwendet wird, die Effizienz des Betriebs der Website zu verbessern, und bieten au\u00dferdem ein personalisierteres Browser-Erlebnis und Speichern der zuvor getroffenen Entscheidungen. Nachfolgend finden Sie weitere Informationen zur Verwendung von Cookies.<\/p>\n<p class=\"p1\">Cookie-Kategorien<\/p>\n<p class=\"p1\">Diese Website verwendet die folgenden Kategorien von Cookies, die von Perla S.N.C. stammen k\u00f6nnen. und Dritte.<\/p>\n<p class=\"p1\">1. Technische Cookies<\/p>\n<p class=\"p1\">Sie dienen zur Erleichterung der Navigation und Verwendung der Website-Funktionen. Unter den technischen Cookies weisen wir auf die wesentlichen Cookies hin, die Funktionen erm\u00f6glichen, ohne die eine vollst\u00e4ndige Nutzung der Website nicht m\u00f6glich w\u00e4re, sowie auf die Leistungs-Cookies, die eine verbesserte Funktionalit\u00e4t erm\u00f6glichen. Mit den Funktions-Cookies kann sich die Website an die bereits zuvor getroffenen Entscheidungen (z. B. die Sprache oder das geografische Gebiet, in der Sie sich befinden) merken und sie f\u00fcr sp\u00e4tere Zugriffe vorschlagen, um bessere und personalisierte Dienste bereitzustellen. Leistungs-Cookies informieren Sie dar\u00fcber, wie Besucher die Website nutzen, um ihren Betrieb bewerten und verbessern zu k\u00f6nnen. Sie geben beispielsweise an, welche Seiten am h\u00e4ufigsten und am wenigsten besucht werden. Sie ber\u00fccksichtigen unter anderem die Anzahl der Besucher, die von den Benutzern auf der Website verbrachte Zeit und die Abrufmethoden. Auf diese Weise k\u00f6nnen wir wissen, was gut funktioniert und was verbessert werden muss, und sicherstellen, dass Seiten schnell geladen werden und korrekt angezeigt werden. Alle durch diese Cookies gesammelten Informationen sind anonym und nicht mit den pers\u00f6nlichen Daten des Benutzers verkn\u00fcpft. Wir nutzen die Dienste von Google, Adobe und Marin Software, um diese Funktionen auszuf\u00fchren.<\/p>\n<p class=\"p1\">2. Cookies von Drittanbietern<\/p>\n<p class=\"p1\">Drittanbieter-Cookies sind Cookies von anderen Websites, die in verschiedenen Elementen enthalten sind, die auf der Seite selbst gehostet werden, z. B. Karten, Bilder, Videos.<\/p>\n<p class=\"p1\">Weitere Informationen zu Cookies von Drittanbietern finden Sie auf der Website www.youronlinechoices.com.<\/p>\n<p class=\"p1\">3. Cookies erstellen<\/p>\n<p class=\"p1\">Sie werden verwendet, um Werbebotschaften und -dienste gem\u00e4\u00df den von Ihnen ge\u00e4u\u00dferten Pr\u00e4ferenzen zu senden. Sie dienen insbesondere dazu, Ihnen Anzeigen und Dienstleistungen anzubieten, die m\u00f6glicherweise Ihren Interessen entsprechen, sowie zur Erstellung individueller Profile nach Ihrem Geschmack, Ihren Vorlieben und Ihren Verbrauchsentscheidungen, die beim Durchsuchen der Website oder durch Vergleich erkannt werden der Aktivit\u00e4ten, die Sie \u00fcber Ihren Browser ausgef\u00fchrt haben. Sie werden beispielsweise verwendet, um die Verwaltung einer bestimmten Werbung einzuschr\u00e4nken oder die Effektivit\u00e4t einer Kampagne aus der H\u00e4ufigkeit der Anzeige der relativen Werbung abzuleiten. Perla S.N.C. und Drittanbieter, einschlie\u00dflich Google, verwenden sowohl propriet\u00e4re Cookies als auch Cookies von Drittanbietern, um die Korrelation zwischen Besuchen der Website und Impressionen im Google AdWords Display-Netzwerk, anderen Verwendungen von Werbediensten und Interaktionen mit solchen Impressionen und Werbediensten sowie zur Ermittlung von Berichten \u00fcber demografische Daten und Interessen von Google Analytics.<\/p>\n<p class=\"p1\">Diese Website benutzt Google Analytics, einen Webanalysedienst der Google Inc. (&#8222;Google&#8220;). Google Analytics verwendet &#8222;Cookies&#8220;, Textdateien, die auf Ihrem Computer gespeichert werden, um die Website zu analysieren, wie Nutzer die Website nutzen. Die durch den Cookie erzeugten Informationen \u00fcber Ihre Benutzung der Website werden an einen Server von Google in den USA \u00fcbertragen und dort gespeichert. Google wird diese Informationen benutzen, um die Nutzung der Website auszuwerten, um Reports \u00fcber die Websiteaktivit\u00e4ten f\u00fcr die Websitebetreiber zusammenzustellen und um weitere mit der Websitenutzung und der Internetnutzung verbundene Dienstleistungen zu erbringen. Auch wird Google diese Informationen gegebenenfalls an Dritte \u00fcbertragen, sofern dies gesetzlich vorgeschrieben ist oder soweit Dritte diese Daten im Auftrag von Google verarbeiten. Google wird in keinem Fall Ihre IP-Adresse mit anderen Daten von Google in Verbindung bringen. Sie k\u00f6nnen die Verwendung von Cookies ablehnen, indem Sie die entsprechenden Einstellungen in Ihrem Browser ausw\u00e4hlen oder die Google-Seite besuchen, die den derzeit verf\u00fcgbaren Deaktivierungsfunktionen gewidmet ist. Dadurch werden einige auf diese Website bezogene Funktionen deaktiviert. Durch die Nutzung dieser Website erkl\u00e4ren Sie sich mit der Verarbeitung der \u00fcber Sie erhobenen Daten durch Google in der zuvor beschriebenen Art und Weise und zu dem zuvor genannten Zweck einverstanden. Weitere Informationen zu Google Analytics erhalten Sie unter folgendem Link: <a href=\"https:\/\/policies.google.com\/privacy\">https:\/\/policies.google.com\/privacy<\/a><\/p>\n<p class=\"p1\">Cookies deaktivieren<\/p>\n<p class=\"p1\">Es ist m\u00f6glich, die Verwendung von Cookies mithilfe der Einstellungen des verwendeten Browsers zu deaktivieren. In diesem Fall ist es m\u00f6glich, dass nicht alle Funktionen dieser Website funktionsf\u00e4hig bleiben. Die Einstellungen f\u00fcr diese Auswahl k\u00f6nnen in den Browsereinstellungen \u00fcberpr\u00fcft und ge\u00e4ndert werden.<\/p>\t\t\t\t\t\t\t\t<\/div>\n\t\t\t\t<\/div>\n\t\t\t\t\t<\/div>\n\t\t<\/div>\n\t\t\t\t\t<\/div>\n\t\t<\/section>\n\t\t\t\t<\/div>\n\t\t","protected":false},"excerpt":{"rendered":"<p>PRIVACY POLICY PERLA SNC VON ZATTI C. &amp; C. CAMPEGGIO PUNTA D&#8217;ORO VIA I. ANTONIOLI, 51\/53 &#8211; 25049 ISEO (BS) &#8211; ITALIEN Informationen gem\u00e4\u00df und f\u00fcr Zwecke von Art. 13, Re. EU. 2016\/679 Wir m\u00f6chten Sie darauf hinweisen, dass die EU-Verordnung 2016\/679 (&#8222;Europ\u00e4ische Verordnung zum Schutz personenbezogener Daten&#8220;) den Schutz von Personen und anderen Personen [&hellip;]<\/p>\n","protected":false},"author":1,"featured_media":0,"parent":0,"menu_order":0,"comment_status":"closed","ping_status":"open","template":"page-full-width.php","meta":{"_acf_changed":false,"footnotes":""},"class_list":["post-12374","page","type-page","status-publish","hentry"],"acf":[],"_links":{"self":[{"href":"https:\/\/www.camping-puntadoro.com\/de\/wp-json\/wp\/v2\/pages\/12374","targetHints":{"allow":["GET"]}}],"collection":[{"href":"https:\/\/www.camping-puntadoro.com\/de\/wp-json\/wp\/v2\/pages"}],"about":[{"href":"https:\/\/www.camping-puntadoro.com\/de\/wp-json\/wp\/v2\/types\/page"}],"author":[{"embeddable":true,"href":"https:\/\/www.camping-puntadoro.com\/de\/wp-json\/wp\/v2\/users\/1"}],"replies":[{"embeddable":true,"href":"https:\/\/www.camping-puntadoro.com\/de\/wp-json\/wp\/v2\/comments?post=12374"}],"version-history":[{"count":7,"href":"https:\/\/www.camping-puntadoro.com\/de\/wp-json\/wp\/v2\/pages\/12374\/revisions"}],"predecessor-version":[{"id":12731,"href":"https:\/\/www.camping-puntadoro.com\/de\/wp-json\/wp\/v2\/pages\/12374\/revisions\/12731"}],"wp:attachment":[{"href":"https:\/\/www.camping-puntadoro.com\/de\/wp-json\/wp\/v2\/media?parent=12374"}],"curies":[{"name":"wp","href":"https:\/\/api.w.org\/{rel}","templated":true}]}}