{"id":12358,"date":"2022-01-13T14:29:13","date_gmt":"2022-01-13T13:29:13","guid":{"rendered":"http:\/\/camping-puntadoro.com\/campeggio\/"},"modified":"2025-11-20T00:16:23","modified_gmt":"2025-11-19T23:16:23","slug":"campinganlage","status":"publish","type":"page","link":"https:\/\/www.camping-puntadoro.com\/de\/campinganlage\/","title":{"rendered":"Campinganlage"},"content":{"rendered":"\t\t<div data-elementor-type=\"wp-page\" data-elementor-id=\"12358\" class=\"elementor elementor-12358 elementor-8132\">\n\t\t\t\t\t\t<section class=\"elementor-section elementor-top-section elementor-element elementor-element-ab88e5b qodef-elementor-content-grid elementor-section-stretched elementor-section-boxed elementor-section-height-default elementor-section-height-default\" data-id=\"ab88e5b\" data-element_type=\"section\" data-e-type=\"section\" data-settings=\"{&quot;stretch_section&quot;:&quot;section-stretched&quot;}\">\n\t\t\t\t\t\t<div class=\"elementor-container elementor-column-gap-default\">\n\t\t\t\t\t<div class=\"elementor-column elementor-col-100 elementor-top-column elementor-element elementor-element-51a1692\" data-id=\"51a1692\" data-element_type=\"column\" data-e-type=\"column\">\n\t\t\t<div class=\"elementor-widget-wrap elementor-element-populated\">\n\t\t\t\t\t\t<div class=\"elementor-element elementor-element-9797b46 elementor-widget elementor-widget-qi_addons_for_elementor_section_title\" data-id=\"9797b46\" data-element_type=\"widget\" data-e-type=\"widget\" data-widget_type=\"qi_addons_for_elementor_section_title.default\">\n\t\t\t\t<div class=\"elementor-widget-container\">\n\t\t\t\t\t<div class=\"qodef-shortcode qodef-m qodef-qi-section-title qodef-decoration--italic qodef-link--underline-draw qodef-subtitle-icon--left\">\n\t\t\t\t\t\t<h2 class=\"qodef-m-title\">\n\t\tDie Pl\u00e4tze \t<\/h2>\n\t\t\t<div class=\"qodef-m-text\"><p>Das Campinggel\u00e4nde weist zum See hin eine leichte Neigung auf. Die Zufahrtswege sind alle zum See hin ausgerichtet und lassen somit den Blick auf den See frei. Die 16 Seepl\u00e4tze bieten eine wundersch\u00f6ne Sicht auf den See und die umliegende H\u00fcgellandschaft. <\/p><\/div>\n\t<\/div>\n\t\t\t\t<\/div>\n\t\t\t\t<\/div>\n\t\t\t\t<div class=\"elementor-element elementor-element-c24146e elementor-widget elementor-widget-qi_addons_for_elementor_section_title\" data-id=\"c24146e\" data-element_type=\"widget\" data-e-type=\"widget\" data-widget_type=\"qi_addons_for_elementor_section_title.default\">\n\t\t\t\t<div class=\"elementor-widget-container\">\n\t\t\t\t\t<div class=\"qodef-shortcode qodef-m qodef-qi-section-title qodef-decoration--italic qodef-link--underline-draw qodef-subtitle-icon--left\">\n\t\t\t\t\t\t\t\t<div class=\"qodef-m-text\"><p>Die Pl\u00e4tze sind durch B\u00e4ume parzelliert und die Gr\u00f6\u00dfe variiert zwischen 45 und 90 qm. Die Gr\u00f6\u00dfe der einzelnen Pl\u00e4tze finden Sie auf der Seite <a href=\"https:\/\/www.camping-puntadoro.com\/de\/preise\/\"><em>Preise<\/em><\/a>. Jeder Stellplatz besitzt einen elektrischen Anschlu\u00df mit 6 Ampere. In der Regel kann das Auto auf dem Platz neben Zelt oder Wohnwagen geparkt werden.<\/p><\/div>\n\t<\/div>\n\t\t\t\t<\/div>\n\t\t\t\t<\/div>\n\t\t\t\t<div class=\"elementor-element elementor-element-12a3e43 elementor-widget elementor-widget-qi_addons_for_elementor_image_gallery_masonry\" data-id=\"12a3e43\" data-element_type=\"widget\" data-e-type=\"widget\" data-widget_type=\"qi_addons_for_elementor_image_gallery_masonry.default\">\n\t\t\t\t<div class=\"elementor-widget-container\">\n\t\t\t\t\t<div class=\"qodef-shortcode qodef-m qodef-qi-image-gallery-masonry qodef-qi-fslightbox-popup qodef-popup-gallery qodef-image--hover-zoom qodef-qi-grid qodef-layout--qi-masonry qodef-items--fixed qodef-col-num--4 qodef-responsive--predefined\">\n\t<div class=\"qodef-grid-inner\">\n\t\t\t<div class=\"qodef-qi-grid-masonry-sizer\"><\/div>\n<div class=\"qodef-e qodef-image-wrapper qodef-grid-item qodef-item--landscape\">\n\t<div class=\"qodef-e-inner\">\n\t\t\t\t\t<a class=\"qodef-popup-item\" itemprop=\"image\" href=\"https:\/\/www.camping-puntadoro.com\/wp-content\/uploads\/2022\/02\/campeggio-piazzole-occupate-1.jpeg\" data-type=\"image\" data-fslightbox=\"gallery-1\">\n\t\t\t\t\t<img fetchpriority=\"high\" decoding=\"async\" width=\"1300\" height=\"650\" src=\"https:\/\/www.camping-puntadoro.com\/wp-content\/uploads\/2022\/02\/campeggio-piazzole-occupate-1-1300x650.jpeg\" class=\"attachment-qi_addons_for_elementor_image_size_landscape size-qi_addons_for_elementor_image_size_landscape\" alt=\"\" \/>\t\t\t\t\t<\/a>\n\t\t\t<\/div>\n<\/div>\n<div class=\"qodef-e qodef-image-wrapper qodef-grid-item qodef-item--landscape\">\n\t<div class=\"qodef-e-inner\">\n\t\t\t\t\t<a class=\"qodef-popup-item\" itemprop=\"image\" href=\"https:\/\/www.camping-puntadoro.com\/wp-content\/uploads\/2022\/02\/viale-audi-1-scaled.jpg\" data-type=\"image\" data-fslightbox=\"gallery-1\">\n\t\t\t\t\t<img decoding=\"async\" width=\"1300\" height=\"650\" src=\"https:\/\/www.camping-puntadoro.com\/wp-content\/uploads\/2022\/02\/viale-audi-1-1300x650.jpg\" class=\"attachment-qi_addons_for_elementor_image_size_landscape size-qi_addons_for_elementor_image_size_landscape\" alt=\"\" \/>\t\t\t\t\t<\/a>\n\t\t\t<\/div>\n<\/div>\n<div class=\"qodef-e qodef-image-wrapper qodef-grid-item qodef-item--landscape\">\n\t<div class=\"qodef-e-inner\">\n\t\t\t\t\t<a class=\"qodef-popup-item\" itemprop=\"image\" href=\"https:\/\/www.camping-puntadoro.com\/wp-content\/uploads\/2022\/02\/img-5286-scaled.jpg\" data-type=\"image\" data-fslightbox=\"gallery-1\">\n\t\t\t\t\t<img decoding=\"async\" width=\"1300\" height=\"650\" src=\"https:\/\/www.camping-puntadoro.com\/wp-content\/uploads\/2022\/02\/img-5286-1300x650.jpg\" class=\"attachment-qi_addons_for_elementor_image_size_landscape size-qi_addons_for_elementor_image_size_landscape\" alt=\"\" \/>\t\t\t\t\t<\/a>\n\t\t\t<\/div>\n<\/div>\n<div class=\"qodef-e qodef-image-wrapper qodef-grid-item qodef-item--landscape\">\n\t<div class=\"qodef-e-inner\">\n\t\t\t\t\t<a class=\"qodef-popup-item\" itemprop=\"image\" href=\"https:\/\/www.camping-puntadoro.com\/wp-content\/uploads\/2022\/02\/piazzola-lago-49-50-scaled.jpg\" data-type=\"image\" data-fslightbox=\"gallery-1\">\n\t\t\t\t\t<img loading=\"lazy\" decoding=\"async\" width=\"1300\" height=\"650\" src=\"https:\/\/www.camping-puntadoro.com\/wp-content\/uploads\/2022\/02\/piazzola-lago-49-50-1300x650.jpg\" class=\"attachment-qi_addons_for_elementor_image_size_landscape size-qi_addons_for_elementor_image_size_landscape\" alt=\"\" \/>\t\t\t\t\t<\/a>\n\t\t\t<\/div>\n<\/div>\n\t<\/div>\n<\/div>\n\t\t\t\t<\/div>\n\t\t\t\t<\/div>\n\t\t\t\t\t<\/div>\n\t\t<\/div>\n\t\t\t\t\t<\/div>\n\t\t<\/section>\n\t\t\t\t<section class=\"elementor-section elementor-top-section elementor-element elementor-element-aa96853 qodef-elementor-content-grid elementor-section-stretched elementor-section-boxed elementor-section-height-default elementor-section-height-default\" data-id=\"aa96853\" data-element_type=\"section\" data-e-type=\"section\" data-settings=\"{&quot;stretch_section&quot;:&quot;section-stretched&quot;}\">\n\t\t\t\t\t\t<div class=\"elementor-container elementor-column-gap-default\">\n\t\t\t\t\t<div class=\"elementor-column elementor-col-100 elementor-top-column elementor-element elementor-element-92aee3e\" data-id=\"92aee3e\" data-element_type=\"column\" data-e-type=\"column\" data-settings=\"{&quot;background_background&quot;:&quot;slideshow&quot;,&quot;background_slideshow_gallery&quot;:[],&quot;background_slideshow_loop&quot;:&quot;yes&quot;,&quot;background_slideshow_slide_duration&quot;:5000,&quot;background_slideshow_slide_transition&quot;:&quot;fade&quot;,&quot;background_slideshow_transition_duration&quot;:500}\">\n\t\t\t<div class=\"elementor-widget-wrap elementor-element-populated\">\n\t\t\t\t\t\t<div class=\"elementor-element elementor-element-420cb11 elementor-widget elementor-widget-qi_addons_for_elementor_section_title\" data-id=\"420cb11\" data-element_type=\"widget\" data-e-type=\"widget\" data-widget_type=\"qi_addons_for_elementor_section_title.default\">\n\t\t\t\t<div class=\"elementor-widget-container\">\n\t\t\t\t\t<div class=\"qodef-shortcode qodef-m qodef-qi-section-title qodef-decoration--italic qodef-link--underline-draw qodef-subtitle-icon--left\">\n\t\t\t\t\t\t\t\t<div class=\"qodef-m-text\"><p>F\u00fcr XL Wohnmobile oder Wohnwagen (bis 8,5 m L\u00e4nge) stehen Platz 44 und 55 zur Verf\u00fcgung. Hier sehen Sie den <a href=\"http:\/\/www.camping-puntadoro.com\/wp-content\/uploads\/2022\/02\/camping-punta-doro-map-piazzolegrandi-mod.jpg\">Plan mit den Platznummern.<\/a><\/p><\/div>\n\t<\/div>\n\t\t\t\t<\/div>\n\t\t\t\t<\/div>\n\t\t\t\t<div class=\"elementor-element elementor-element-cdc86a7 elementor-widget elementor-widget-qi_addons_for_elementor_section_title\" data-id=\"cdc86a7\" data-element_type=\"widget\" data-e-type=\"widget\" data-widget_type=\"qi_addons_for_elementor_section_title.default\">\n\t\t\t\t<div class=\"elementor-widget-container\">\n\t\t\t\t\t<div class=\"qodef-shortcode qodef-m qodef-qi-section-title qodef-decoration--italic qodef-link--underline-draw qodef-subtitle-icon--left\">\n\t\t\t\t\t\t\t\t<div class=\"qodef-m-text\"><p>Um den Grasbewuchs \u00fcber die Saison so weit wie m\u00f6glich zu schonen und Schlammstellen nach Regen zu vermeiden, <strong>darf der Rasen nicht mit wasserdichten Planen oder Teppichen abgedeckt werden<\/strong>. Weitmaschige Teppiche die luft- und wasserdurchl\u00e4ssig sind, sind weiterhin m\u00f6glich.<\/p><\/div>\n\t<\/div>\n\t\t\t\t<\/div>\n\t\t\t\t<\/div>\n\t\t\t\t<div class=\"elementor-element elementor-element-6faaeb9 elementor-widget elementor-widget-qi_addons_for_elementor_section_title\" data-id=\"6faaeb9\" data-element_type=\"widget\" data-e-type=\"widget\" data-widget_type=\"qi_addons_for_elementor_section_title.default\">\n\t\t\t\t<div class=\"elementor-widget-container\">\n\t\t\t\t\t<div class=\"qodef-shortcode qodef-m qodef-qi-section-title qodef-decoration--italic qodef-link--underline-draw qodef-subtitle-icon--left\">\n\t\t\t\t\t\t<h2 class=\"qodef-m-title\">\n\t\tDer Strand\t<\/h2>\n\t\t\t<div class=\"qodef-m-text\"><p>Der grasbewachsene Strand ist mit Duschen ausgestattet und bietet \u00fcber zwei Bootsrampen und eine Treppe direkten Seezugang. Die Uferzone f\u00e4llt flach ab und ist auch f\u00fcr Kinder geeignet.<\/p><p>Im Juni beginnt sich in der Regel der Wasserspiegel abzusenken und es bildet sich ein zus\u00e4tzlicher Strand aus kleinen Steinen. Badeschuhe sind empfehlenswert.<\/p><\/div>\n\t<\/div>\n\t\t\t\t<\/div>\n\t\t\t\t<\/div>\n\t\t\t\t<div class=\"elementor-element elementor-element-d2ca388 elementor-widget elementor-widget-qi_addons_for_elementor_image_gallery_masonry\" data-id=\"d2ca388\" data-element_type=\"widget\" data-e-type=\"widget\" data-widget_type=\"qi_addons_for_elementor_image_gallery_masonry.default\">\n\t\t\t\t<div class=\"elementor-widget-container\">\n\t\t\t\t\t<div class=\"qodef-shortcode qodef-m qodef-qi-image-gallery-masonry qodef-qi-fslightbox-popup qodef-popup-gallery qodef-image--hover-zoom qodef-qi-grid qodef-layout--qi-masonry qodef-items--fixed qodef-col-num--4 qodef-responsive--predefined\">\n\t<div class=\"qodef-grid-inner\">\n\t\t\t<div class=\"qodef-qi-grid-masonry-sizer\"><\/div>\n<div class=\"qodef-e qodef-image-wrapper qodef-grid-item qodef-item--huge-square\">\n\t<div class=\"qodef-e-inner\">\n\t\t\t\t\t<a class=\"qodef-popup-item\" itemprop=\"image\" href=\"https:\/\/www.camping-puntadoro.com\/wp-content\/uploads\/2022\/02\/4441b3d1-9f76-440e-8351-48b6b30b3ee8.jpg\" data-type=\"image\" data-fslightbox=\"gallery-2\">\n\t\t\t\t\t<img loading=\"lazy\" decoding=\"async\" width=\"1300\" height=\"1300\" src=\"https:\/\/www.camping-puntadoro.com\/wp-content\/uploads\/2022\/02\/4441b3d1-9f76-440e-8351-48b6b30b3ee8-1300x1300.jpg\" class=\"attachment-qi_addons_for_elementor_image_size_huge-square size-qi_addons_for_elementor_image_size_huge-square\" alt=\"Strand\" srcset=\"https:\/\/www.camping-puntadoro.com\/wp-content\/uploads\/2022\/02\/4441b3d1-9f76-440e-8351-48b6b30b3ee8-1300x1300.jpg 1300w, https:\/\/www.camping-puntadoro.com\/wp-content\/uploads\/2022\/02\/4441b3d1-9f76-440e-8351-48b6b30b3ee8-300x300.jpg 300w, https:\/\/www.camping-puntadoro.com\/wp-content\/uploads\/2022\/02\/4441b3d1-9f76-440e-8351-48b6b30b3ee8-1024x1024.jpg 1024w, https:\/\/www.camping-puntadoro.com\/wp-content\/uploads\/2022\/02\/4441b3d1-9f76-440e-8351-48b6b30b3ee8-150x150.jpg 150w, https:\/\/www.camping-puntadoro.com\/wp-content\/uploads\/2022\/02\/4441b3d1-9f76-440e-8351-48b6b30b3ee8-768x768.jpg 768w, https:\/\/www.camping-puntadoro.com\/wp-content\/uploads\/2022\/02\/4441b3d1-9f76-440e-8351-48b6b30b3ee8-1536x1536.jpg 1536w, https:\/\/www.camping-puntadoro.com\/wp-content\/uploads\/2022\/02\/4441b3d1-9f76-440e-8351-48b6b30b3ee8-650x650.jpg 650w, https:\/\/www.camping-puntadoro.com\/wp-content\/uploads\/2022\/02\/4441b3d1-9f76-440e-8351-48b6b30b3ee8.jpg 1600w\" sizes=\"(max-width: 1300px) 100vw, 1300px\" \/>\t\t\t\t\t<\/a>\n\t\t\t<\/div>\n<\/div>\n<div class=\"qodef-e qodef-image-wrapper qodef-grid-item qodef-item--landscape\">\n\t<div class=\"qodef-e-inner\">\n\t\t\t\t\t<a class=\"qodef-popup-item\" itemprop=\"image\" href=\"https:\/\/www.camping-puntadoro.com\/wp-content\/uploads\/2022\/02\/lago-trasparente-canoa.jpg\" data-type=\"image\" data-fslightbox=\"gallery-2\">\n\t\t\t\t\t<img loading=\"lazy\" decoding=\"async\" width=\"1024\" height=\"650\" src=\"https:\/\/www.camping-puntadoro.com\/wp-content\/uploads\/2022\/02\/lago-trasparente-canoa-1024x650.jpg\" class=\"attachment-qi_addons_for_elementor_image_size_landscape size-qi_addons_for_elementor_image_size_landscape\" alt=\"\" \/>\t\t\t\t\t<\/a>\n\t\t\t<\/div>\n<\/div>\n<div class=\"qodef-e qodef-image-wrapper qodef-grid-item qodef-item--landscape\">\n\t<div class=\"qodef-e-inner\">\n\t\t\t\t\t<a class=\"qodef-popup-item\" itemprop=\"image\" href=\"https:\/\/www.camping-puntadoro.com\/wp-content\/uploads\/2022\/02\/spiaggia-ghiaia.jpeg\" data-type=\"image\" data-fslightbox=\"gallery-2\">\n\t\t\t\t\t<img loading=\"lazy\" decoding=\"async\" width=\"1300\" height=\"650\" src=\"https:\/\/www.camping-puntadoro.com\/wp-content\/uploads\/2022\/02\/spiaggia-ghiaia-1300x650.jpeg\" class=\"attachment-qi_addons_for_elementor_image_size_landscape size-qi_addons_for_elementor_image_size_landscape\" alt=\"\" \/>\t\t\t\t\t<\/a>\n\t\t\t<\/div>\n<\/div>\n\t<\/div>\n<\/div>\n\t\t\t\t<\/div>\n\t\t\t\t<\/div>\n\t\t\t\t\t<\/div>\n\t\t<\/div>\n\t\t\t\t\t<\/div>\n\t\t<\/section>\n\t\t\t\t<section class=\"elementor-section elementor-top-section elementor-element elementor-element-ff2a451 qodef-elementor-content-grid elementor-section-stretched elementor-section-boxed elementor-section-height-default elementor-section-height-default\" data-id=\"ff2a451\" data-element_type=\"section\" data-e-type=\"section\" data-settings=\"{&quot;stretch_section&quot;:&quot;section-stretched&quot;}\">\n\t\t\t\t\t\t<div class=\"elementor-container elementor-column-gap-default\">\n\t\t\t\t\t<div class=\"elementor-column elementor-col-100 elementor-top-column elementor-element elementor-element-dd44ac2\" data-id=\"dd44ac2\" data-element_type=\"column\" data-e-type=\"column\" data-settings=\"{&quot;background_background&quot;:&quot;slideshow&quot;,&quot;background_slideshow_gallery&quot;:[],&quot;background_slideshow_loop&quot;:&quot;yes&quot;,&quot;background_slideshow_slide_duration&quot;:5000,&quot;background_slideshow_slide_transition&quot;:&quot;fade&quot;,&quot;background_slideshow_transition_duration&quot;:500}\">\n\t\t\t<div class=\"elementor-widget-wrap elementor-element-populated\">\n\t\t\t\t\t\t<div class=\"elementor-element elementor-element-3150c9a elementor-widget elementor-widget-qi_addons_for_elementor_section_title\" data-id=\"3150c9a\" data-element_type=\"widget\" data-e-type=\"widget\" data-widget_type=\"qi_addons_for_elementor_section_title.default\">\n\t\t\t\t<div class=\"elementor-widget-container\">\n\t\t\t\t\t<div class=\"qodef-shortcode qodef-m qodef-qi-section-title qodef-decoration--italic qodef-link--underline-draw qodef-subtitle-icon--left\">\n\t\t\t\t\t\t<h2 class=\"qodef-m-title\">\n\t\tDie Sanit\u00e4ranlagen\t<\/h2>\n\t\t\t<div class=\"qodef-m-text\"><p>Es stehen zwei Sanit\u00e4rkomplexe sowie ein behindertengerecht ausgestattetes Bad mit Toilette und Dusche zur Verf\u00fcgung.<\/p><p>F\u00fcr die Saison 2023 wurden beide Sanit\u00e4ranlagen modernisiert. <\/p><\/div>\n\t<\/div>\n\t\t\t\t<\/div>\n\t\t\t\t<\/div>\n\t\t\t\t<div class=\"elementor-element elementor-element-f3e4f2f elementor-widget elementor-widget-qi_addons_for_elementor_image_gallery_masonry\" data-id=\"f3e4f2f\" data-element_type=\"widget\" data-e-type=\"widget\" data-widget_type=\"qi_addons_for_elementor_image_gallery_masonry.default\">\n\t\t\t\t<div class=\"elementor-widget-container\">\n\t\t\t\t\t<div class=\"qodef-shortcode qodef-m qodef-qi-image-gallery-masonry qodef-qi-fslightbox-popup qodef-popup-gallery qodef-image--hover-zoom qodef-qi-grid qodef-layout--qi-masonry qodef-items--fixed qodef-col-num--2 qodef-responsive--predefined\">\n\t<div class=\"qodef-grid-inner\">\n\t\t\t<div class=\"qodef-qi-grid-masonry-sizer\"><\/div>\n<div class=\"qodef-e qodef-image-wrapper qodef-grid-item qodef-item--square\">\n\t<div class=\"qodef-e-inner\">\n\t\t\t\t\t<a class=\"qodef-popup-item\" itemprop=\"image\" href=\"https:\/\/www.camping-puntadoro.com\/wp-content\/uploads\/2023\/05\/img-0509-scaled.jpg\" data-type=\"image\" data-fslightbox=\"gallery-3\">\n\t\t\t\t\t<img loading=\"lazy\" decoding=\"async\" width=\"650\" height=\"650\" src=\"https:\/\/www.camping-puntadoro.com\/wp-content\/uploads\/2023\/05\/img-0509-650x650.jpg\" class=\"attachment-qi_addons_for_elementor_image_size_square size-qi_addons_for_elementor_image_size_square\" alt=\"\" srcset=\"https:\/\/www.camping-puntadoro.com\/wp-content\/uploads\/2023\/05\/img-0509-650x650.jpg 650w, https:\/\/www.camping-puntadoro.com\/wp-content\/uploads\/2023\/05\/img-0509-150x150.jpg 150w, https:\/\/www.camping-puntadoro.com\/wp-content\/uploads\/2023\/05\/img-0509-1300x1300.jpg 1300w\" sizes=\"(max-width: 650px) 100vw, 650px\" \/>\t\t\t\t\t<\/a>\n\t\t\t<\/div>\n<\/div>\n<div class=\"qodef-e qodef-image-wrapper qodef-grid-item qodef-item--square\">\n\t<div class=\"qodef-e-inner\">\n\t\t\t\t\t<a class=\"qodef-popup-item\" itemprop=\"image\" href=\"https:\/\/www.camping-puntadoro.com\/wp-content\/uploads\/2023\/05\/img-0508-scaled.jpg\" data-type=\"image\" data-fslightbox=\"gallery-3\">\n\t\t\t\t\t<img loading=\"lazy\" decoding=\"async\" width=\"650\" height=\"650\" src=\"https:\/\/www.camping-puntadoro.com\/wp-content\/uploads\/2023\/05\/img-0508-650x650.jpg\" class=\"attachment-qi_addons_for_elementor_image_size_square size-qi_addons_for_elementor_image_size_square\" alt=\"\" srcset=\"https:\/\/www.camping-puntadoro.com\/wp-content\/uploads\/2023\/05\/img-0508-650x650.jpg 650w, https:\/\/www.camping-puntadoro.com\/wp-content\/uploads\/2023\/05\/img-0508-150x150.jpg 150w, https:\/\/www.camping-puntadoro.com\/wp-content\/uploads\/2023\/05\/img-0508-1300x1300.jpg 1300w\" sizes=\"(max-width: 650px) 100vw, 650px\" \/>\t\t\t\t\t<\/a>\n\t\t\t<\/div>\n<\/div>\n\t<\/div>\n<\/div>\n\t\t\t\t<\/div>\n\t\t\t\t<\/div>\n\t\t\t\t\t<\/div>\n\t\t<\/div>\n\t\t\t\t\t<\/div>\n\t\t<\/section>\n\t\t\t\t<\/div>\n\t\t","protected":false},"excerpt":{"rendered":"<p>Die Pl\u00e4tze Das Campinggel\u00e4nde weist zum See hin eine leichte Neigung auf. Die Zufahrtswege sind alle zum See hin ausgerichtet und lassen somit den Blick auf den See frei. Die 16 Seepl\u00e4tze bieten eine wundersch\u00f6ne Sicht auf den See und die umliegende H\u00fcgellandschaft. Die Pl\u00e4tze sind durch B\u00e4ume parzelliert und die Gr\u00f6\u00dfe variiert zwischen 45 [&hellip;]<\/p>\n","protected":false},"author":1,"featured_media":0,"parent":0,"menu_order":0,"comment_status":"closed","ping_status":"closed","template":"","meta":{"_acf_changed":false,"footnotes":""},"class_list":["post-12358","page","type-page","status-publish","hentry"],"acf":[],"_links":{"self":[{"href":"https:\/\/www.camping-puntadoro.com\/de\/wp-json\/wp\/v2\/pages\/12358","targetHints":{"allow":["GET"]}}],"collection":[{"href":"https:\/\/www.camping-puntadoro.com\/de\/wp-json\/wp\/v2\/pages"}],"about":[{"href":"https:\/\/www.camping-puntadoro.com\/de\/wp-json\/wp\/v2\/types\/page"}],"author":[{"embeddable":true,"href":"https:\/\/www.camping-puntadoro.com\/de\/wp-json\/wp\/v2\/users\/1"}],"replies":[{"embeddable":true,"href":"https:\/\/www.camping-puntadoro.com\/de\/wp-json\/wp\/v2\/comments?post=12358"}],"version-history":[{"count":6,"href":"https:\/\/www.camping-puntadoro.com\/de\/wp-json\/wp\/v2\/pages\/12358\/revisions"}],"predecessor-version":[{"id":23200,"href":"https:\/\/www.camping-puntadoro.com\/de\/wp-json\/wp\/v2\/pages\/12358\/revisions\/23200"}],"wp:attachment":[{"href":"https:\/\/www.camping-puntadoro.com\/de\/wp-json\/wp\/v2\/media?parent=12358"}],"curies":[{"name":"wp","href":"https:\/\/api.w.org\/{rel}","templated":true}]}}