{"id":12328,"date":"2022-01-31T16:22:15","date_gmt":"2022-01-31T15:22:15","guid":{"rendered":"http:\/\/camping-puntadoro.com\/divertimento\/"},"modified":"2025-11-03T18:28:22","modified_gmt":"2025-11-03T17:28:22","slug":"vergnugen","status":"publish","type":"page","link":"https:\/\/www.camping-puntadoro.com\/de\/vergnugen\/","title":{"rendered":"Freizeitvergn\u00fcgen"},"content":{"rendered":"\t\t<div data-elementor-type=\"wp-page\" data-elementor-id=\"12328\" class=\"elementor elementor-12328 elementor-8411\">\n\t\t\t\t\t\t<section class=\"elementor-section elementor-top-section elementor-element elementor-element-ba65e7a elementor-section-full_width elementor-section-stretched elementor-section-height-default elementor-section-height-default qodef-elementor-content-no\" data-id=\"ba65e7a\" data-element_type=\"section\" data-e-type=\"section\" data-settings=\"{&quot;stretch_section&quot;:&quot;section-stretched&quot;}\">\n\t\t\t\t\t\t<div class=\"elementor-container elementor-column-gap-default\">\n\t\t\t\t\t<div class=\"elementor-column elementor-col-33 elementor-top-column elementor-element elementor-element-c65123e qodef-zoom-out\" data-id=\"c65123e\" data-element_type=\"column\" data-e-type=\"column\" data-settings=\"{&quot;background_background&quot;:&quot;classic&quot;}\">\n\t\t\t<div class=\"elementor-widget-wrap elementor-element-populated\">\n\t\t\t\t\t\t<div class=\"elementor-element elementor-element-99ffdd7 elementor-widget elementor-widget-spacer\" data-id=\"99ffdd7\" data-element_type=\"widget\" data-e-type=\"widget\" data-widget_type=\"spacer.default\">\n\t\t\t\t<div class=\"elementor-widget-container\">\n\t\t\t\t\t\t\t<div class=\"elementor-spacer\">\n\t\t\t<div class=\"elementor-spacer-inner\"><\/div>\n\t\t<\/div>\n\t\t\t\t\t\t<\/div>\n\t\t\t\t<\/div>\n\t\t\t\t\t<\/div>\n\t\t<\/div>\n\t\t\t\t<div class=\"elementor-column elementor-col-66 elementor-top-column elementor-element elementor-element-e7ef213\" data-id=\"e7ef213\" data-element_type=\"column\" data-e-type=\"column\">\n\t\t\t<div class=\"elementor-widget-wrap elementor-element-populated\">\n\t\t\t\t\t\t<section class=\"elementor-section elementor-inner-section elementor-element elementor-element-dee3abf elementor-section-full_width elementor-section-height-default elementor-section-height-default qodef-elementor-content-no\" data-id=\"dee3abf\" data-element_type=\"section\" data-e-type=\"section\" data-settings=\"{&quot;background_background&quot;:&quot;classic&quot;}\">\n\t\t\t\t\t\t<div class=\"elementor-container elementor-column-gap-default\">\n\t\t\t\t\t<div class=\"elementor-column elementor-col-100 elementor-inner-column elementor-element elementor-element-ea19dfa\" data-id=\"ea19dfa\" data-element_type=\"column\" data-e-type=\"column\" data-settings=\"{&quot;background_background&quot;:&quot;classic&quot;}\">\n\t\t\t<div class=\"elementor-widget-wrap\">\n\t\t\t\t\t\t\t<\/div>\n\t\t<\/div>\n\t\t\t\t\t<\/div>\n\t\t<\/section>\n\t\t\t\t<div class=\"elementor-element elementor-element-2a85a23 elementor-widget elementor-widget-kamperen_core_section_title\" data-id=\"2a85a23\" data-element_type=\"widget\" data-e-type=\"widget\" data-widget_type=\"kamperen_core_section_title.default\">\n\t\t\t\t<div class=\"elementor-widget-container\">\n\t\t\t\t\t<div class=\"qodef-shortcode qodef-m  qodef-section-title qodef-alignment--left \">\n\t\t<div class=\"qodef-m-tagline-mark\" >\n\t\tVergn\u00fcgen\t<\/div>\n\t\t<h2 class=\"qodef-m-title\" >\n\t\t\t\t\tf\u00fcr Kinder\t\t\t<\/h2>\n\t\t<p class=\"qodef-m-text\" style=\"margin-top: 28px\">Einige Vorschl\u00e4ge was man mit kleineren Kindern unternehmen kann: Spaziergang in der Torbiere. In Paratico gro\u00dfer Spielplatz mit Seepanorama, Seilrutsche, Trampolin, Bar und Picniczone. Wasserfunpark Acquasplash in Timoline (10 Autominuten). Arch\u00e4ologischer Park in Darfo Boario (30 min). Abenteuerpark Adventureland in Borno (50 min). Wasserfallweg in Franciacorta (der mit &#039;esperti&#039; gekennzeichnete Weg ist nur f\u00fcr gr\u00f6\u00dfere Kinder geeignet). Besuch auf der Monte Isola (Peschiera Maraglio - Sensole, Spielplatz am Seeufer). Wandern auf der Antica Strada Valeriana.<\/p>\n<\/div>\n\t\t\t\t<\/div>\n\t\t\t\t<\/div>\n\t\t\t\t\t<\/div>\n\t\t<\/div>\n\t\t\t\t\t<\/div>\n\t\t<\/section>\n\t\t\t\t<section class=\"elementor-section elementor-top-section elementor-element elementor-element-44e8e6a elementor-section-full_width elementor-section-stretched elementor-section-height-default elementor-section-height-default qodef-elementor-content-no\" data-id=\"44e8e6a\" data-element_type=\"section\" data-e-type=\"section\" data-settings=\"{&quot;stretch_section&quot;:&quot;section-stretched&quot;}\">\n\t\t\t\t\t\t<div class=\"elementor-container elementor-column-gap-default\">\n\t\t\t\t\t<div class=\"elementor-column elementor-col-66 elementor-top-column elementor-element elementor-element-3837f68\" data-id=\"3837f68\" data-element_type=\"column\" data-e-type=\"column\">\n\t\t\t<div class=\"elementor-widget-wrap elementor-element-populated\">\n\t\t\t\t\t\t<section class=\"elementor-section elementor-inner-section elementor-element elementor-element-6223a23 elementor-section-full_width elementor-section-height-default elementor-section-height-default qodef-elementor-content-no\" data-id=\"6223a23\" data-element_type=\"section\" data-e-type=\"section\" data-settings=\"{&quot;background_background&quot;:&quot;classic&quot;}\">\n\t\t\t\t\t\t<div class=\"elementor-container elementor-column-gap-default\">\n\t\t\t\t\t<div class=\"elementor-column elementor-col-100 elementor-inner-column elementor-element elementor-element-90dbdd9\" data-id=\"90dbdd9\" data-element_type=\"column\" data-e-type=\"column\">\n\t\t\t<div class=\"elementor-widget-wrap elementor-element-populated\">\n\t\t\t\t\t\t<div class=\"elementor-element elementor-element-797c291 elementor-widget elementor-widget-kamperen_core_section_title\" data-id=\"797c291\" data-element_type=\"widget\" data-e-type=\"widget\" data-widget_type=\"kamperen_core_section_title.default\">\n\t\t\t\t<div class=\"elementor-widget-container\">\n\t\t\t\t\t<div class=\"qodef-shortcode qodef-m  qodef-section-title qodef-alignment--right \">\n\t\t<div class=\"qodef-m-tagline-mark\" style=\"color: #D3D3D3FA\">\n\t\tVergn\u00fcgen\t<\/div>\n\t\t<h2 class=\"qodef-m-title\" >\n\t\t\t\t\tSHOPPING\t\t\t<\/h2>\n\t\t<p class=\"qodef-m-text\" style=\"margin-top: 28px\">Der Markt, der zweimal w\u00f6chentlich (dienstags und freitags vormittags) stattfindet, bietet Lebensmittel, Kleidung und Schuhe an und die Gelegenheit, lokale Produkte einzukaufen.\nAuch die historische Altstadt von Iseo h\u00e4lt eine Vielfalt an Gesch\u00e4ften bereit, die f\u00fcr jeden Einkaufswunsch etwas bieten.\n\nNur wenige Kilometer entfernt finden Sie au\u00dferdem gr\u00f6\u00dfere Einkaufszentren: Eln\u00f2s Shopping in Brescia und das FRANCIACORTA OUTLET, nur f\u00fcnfzehn Autominuten von Iseo entfernt.<\/p>\n<\/div>\n\t\t\t\t<\/div>\n\t\t\t\t<\/div>\n\t\t\t\t\t<\/div>\n\t\t<\/div>\n\t\t\t\t\t<\/div>\n\t\t<\/section>\n\t\t\t\t\t<\/div>\n\t\t<\/div>\n\t\t\t\t<div class=\"elementor-column elementor-col-33 elementor-top-column elementor-element elementor-element-51f5dd7 qodef-zoom-out\" data-id=\"51f5dd7\" data-element_type=\"column\" data-e-type=\"column\" data-settings=\"{&quot;background_background&quot;:&quot;classic&quot;}\">\n\t\t\t<div class=\"elementor-widget-wrap elementor-element-populated\">\n\t\t\t\t\t\t<div class=\"elementor-element elementor-element-3064bc6 elementor-widget elementor-widget-spacer\" data-id=\"3064bc6\" data-element_type=\"widget\" data-e-type=\"widget\" data-widget_type=\"spacer.default\">\n\t\t\t\t<div class=\"elementor-widget-container\">\n\t\t\t\t\t\t\t<div class=\"elementor-spacer\">\n\t\t\t<div class=\"elementor-spacer-inner\"><\/div>\n\t\t<\/div>\n\t\t\t\t\t\t<\/div>\n\t\t\t\t<\/div>\n\t\t\t\t\t<\/div>\n\t\t<\/div>\n\t\t\t\t\t<\/div>\n\t\t<\/section>\n\t\t\t\t<section class=\"elementor-section elementor-top-section elementor-element elementor-element-4466535 elementor-section-full_width elementor-section-stretched elementor-section-height-default elementor-section-height-default qodef-elementor-content-no\" data-id=\"4466535\" data-element_type=\"section\" data-e-type=\"section\" data-settings=\"{&quot;stretch_section&quot;:&quot;section-stretched&quot;}\">\n\t\t\t\t\t\t<div class=\"elementor-container elementor-column-gap-default\">\n\t\t\t\t\t<div class=\"elementor-column elementor-col-33 elementor-top-column elementor-element elementor-element-8ceaee3 qodef-zoom-out\" data-id=\"8ceaee3\" data-element_type=\"column\" data-e-type=\"column\" data-settings=\"{&quot;background_background&quot;:&quot;classic&quot;}\">\n\t\t\t<div class=\"elementor-widget-wrap elementor-element-populated\">\n\t\t\t\t\t\t<div class=\"elementor-element elementor-element-c6b469a elementor-widget elementor-widget-qi_addons_for_elementor_image_slider\" data-id=\"c6b469a\" data-element_type=\"widget\" data-e-type=\"widget\" data-widget_type=\"qi_addons_for_elementor_image_slider.default\">\n\t\t\t\t<div class=\"elementor-widget-container\">\n\t\t\t\t\t<div class=\"qodef-shortcode qodef-m qodef-qi-image-slider qodef-qi-fslightbox-popup qodef-popup-gallery qodef-col-num--1 qodef-qi-grid qodef-qi-swiper-container qodef-pagination--inside\" data-options=\"{&quot;direction&quot;:&quot;horizontal&quot;,&quot;slidesPerView&quot;:&quot;1&quot;,&quot;spaceBetween&quot;:30,&quot;spaceBetweenTablet&quot;:30,&quot;spaceBetweenMobile&quot;:30,&quot;effect&quot;:&quot;slide&quot;,&quot;loop&quot;:true,&quot;autoplay&quot;:true,&quot;centeredSlides&quot;:true,&quot;speed&quot;:&quot;&quot;,&quot;speedAnimation&quot;:&quot;&quot;,&quot;outsideNavigation&quot;:&quot;no&quot;,&quot;outsidePagination&quot;:&quot;no&quot;,&quot;unique&quot;:143,&quot;partialValue&quot;:0,&quot;disablePartialValue&quot;:&quot;&quot;,&quot;parallax&quot;:&quot;no&quot;}\">\n\t<div class=\"swiper-wrapper\">\n\t\t<div class=\"qodef-e swiper-slide\">\n\t<div class=\"qodef-e-inner\">\n\t\t<div class=\"qodef-e-inner-holder\">\n\t\t\t\t\t\t\t<a class=\"qodef-popup-item\" itemprop=\"image\" href=\"https:\/\/www.camping-puntadoro.com\/wp-content\/uploads\/2022\/02\/piatto-pesce-persico-1-scaled.jpeg\" data-type=\"image\" data-fslightbox=\"gallery-143\" data-e-disable-page-transition=\u201dtrue\u201d>\n\t\t\t\t\t\t\t<img fetchpriority=\"high\" decoding=\"async\" width=\"1920\" height=\"2560\" src=\"https:\/\/www.camping-puntadoro.com\/wp-content\/uploads\/2022\/02\/piatto-pesce-persico-1-scaled.jpeg\" class=\"attachment-full size-full\" alt=\"\" srcset=\"https:\/\/www.camping-puntadoro.com\/wp-content\/uploads\/2022\/02\/piatto-pesce-persico-1-scaled.jpeg 1920w, https:\/\/www.camping-puntadoro.com\/wp-content\/uploads\/2022\/02\/piatto-pesce-persico-1-225x300.jpeg 225w, https:\/\/www.camping-puntadoro.com\/wp-content\/uploads\/2022\/02\/piatto-pesce-persico-1-768x1024.jpeg 768w, https:\/\/www.camping-puntadoro.com\/wp-content\/uploads\/2022\/02\/piatto-pesce-persico-1-1152x1536.jpeg 1152w, https:\/\/www.camping-puntadoro.com\/wp-content\/uploads\/2022\/02\/piatto-pesce-persico-1-1536x2048.jpeg 1536w\" sizes=\"(max-width: 1920px) 100vw, 1920px\" \/>\t\t\t\t\t\t\t<\/a>\n\t\t\t\t\t<\/div>\n\t<\/div>\n\t<\/div>\n<div class=\"qodef-e swiper-slide\">\n\t<div class=\"qodef-e-inner\">\n\t\t<div class=\"qodef-e-inner-holder\">\n\t\t\t\t\t\t\t<a class=\"qodef-popup-item\" itemprop=\"image\" href=\"https:\/\/www.camping-puntadoro.com\/wp-content\/uploads\/2022\/02\/5ee4d127-e7ff-4463-ac02-f08801536458.jpg\" data-type=\"image\" data-fslightbox=\"gallery-143\" data-e-disable-page-transition=\u201dtrue\u201d>\n\t\t\t\t\t\t\t<img decoding=\"async\" width=\"1384\" height=\"2049\" src=\"https:\/\/www.camping-puntadoro.com\/wp-content\/uploads\/2022\/02\/5ee4d127-e7ff-4463-ac02-f08801536458.jpg\" class=\"attachment-full size-full\" alt=\"\" srcset=\"https:\/\/www.camping-puntadoro.com\/wp-content\/uploads\/2022\/02\/5ee4d127-e7ff-4463-ac02-f08801536458.jpg 1384w, https:\/\/www.camping-puntadoro.com\/wp-content\/uploads\/2022\/02\/5ee4d127-e7ff-4463-ac02-f08801536458-203x300.jpg 203w, https:\/\/www.camping-puntadoro.com\/wp-content\/uploads\/2022\/02\/5ee4d127-e7ff-4463-ac02-f08801536458-692x1024.jpg 692w, https:\/\/www.camping-puntadoro.com\/wp-content\/uploads\/2022\/02\/5ee4d127-e7ff-4463-ac02-f08801536458-768x1137.jpg 768w, https:\/\/www.camping-puntadoro.com\/wp-content\/uploads\/2022\/02\/5ee4d127-e7ff-4463-ac02-f08801536458-1037x1536.jpg 1037w\" sizes=\"(max-width: 1384px) 100vw, 1384px\" \/>\t\t\t\t\t\t\t<\/a>\n\t\t\t\t\t<\/div>\n\t<\/div>\n\t<\/div>\n<div class=\"qodef-e swiper-slide\">\n\t<div class=\"qodef-e-inner\">\n\t\t<div class=\"qodef-e-inner-holder\">\n\t\t\t\t\t\t\t<a class=\"qodef-popup-item\" itemprop=\"image\" href=\"https:\/\/www.camping-puntadoro.com\/wp-content\/uploads\/2023\/07\/img-0917-scaled.jpg\" data-type=\"image\" data-fslightbox=\"gallery-143\" data-e-disable-page-transition=\u201dtrue\u201d>\n\t\t\t\t\t\t\t<img decoding=\"async\" width=\"2560\" height=\"1920\" src=\"https:\/\/www.camping-puntadoro.com\/wp-content\/uploads\/2023\/07\/img-0917-scaled.jpg\" class=\"attachment-full size-full\" alt=\"\" srcset=\"https:\/\/www.camping-puntadoro.com\/wp-content\/uploads\/2023\/07\/img-0917-scaled.jpg 2560w, https:\/\/www.camping-puntadoro.com\/wp-content\/uploads\/2023\/07\/img-0917-300x225.jpg 300w, https:\/\/www.camping-puntadoro.com\/wp-content\/uploads\/2023\/07\/img-0917-1024x768.jpg 1024w, https:\/\/www.camping-puntadoro.com\/wp-content\/uploads\/2023\/07\/img-0917-768x576.jpg 768w, https:\/\/www.camping-puntadoro.com\/wp-content\/uploads\/2023\/07\/img-0917-1536x1152.jpg 1536w, https:\/\/www.camping-puntadoro.com\/wp-content\/uploads\/2023\/07\/img-0917-2048x1536.jpg 2048w\" sizes=\"(max-width: 2560px) 100vw, 2560px\" \/>\t\t\t\t\t\t\t<\/a>\n\t\t\t\t\t<\/div>\n\t<\/div>\n\t<\/div>\n<div class=\"qodef-e swiper-slide\">\n\t<div class=\"qodef-e-inner\">\n\t\t<div class=\"qodef-e-inner-holder\">\n\t\t\t\t\t\t\t<a class=\"qodef-popup-item\" itemprop=\"image\" href=\"https:\/\/www.camping-puntadoro.com\/wp-content\/uploads\/2022\/02\/olive-oil-salad-dressing-cooking-olive-1.jpg\" data-type=\"image\" data-fslightbox=\"gallery-143\" data-e-disable-page-transition=\u201dtrue\u201d>\n\t\t\t\t\t\t\t<img loading=\"lazy\" decoding=\"async\" width=\"1000\" height=\"667\" src=\"https:\/\/www.camping-puntadoro.com\/wp-content\/uploads\/2022\/02\/olive-oil-salad-dressing-cooking-olive-1.jpg\" class=\"attachment-full size-full\" alt=\"\" srcset=\"https:\/\/www.camping-puntadoro.com\/wp-content\/uploads\/2022\/02\/olive-oil-salad-dressing-cooking-olive-1.jpg 1000w, https:\/\/www.camping-puntadoro.com\/wp-content\/uploads\/2022\/02\/olive-oil-salad-dressing-cooking-olive-1-300x200.jpg 300w, https:\/\/www.camping-puntadoro.com\/wp-content\/uploads\/2022\/02\/olive-oil-salad-dressing-cooking-olive-1-768x512.jpg 768w\" sizes=\"(max-width: 1000px) 100vw, 1000px\" \/>\t\t\t\t\t\t\t<\/a>\n\t\t\t\t\t<\/div>\n\t<\/div>\n\t<\/div>\n<div class=\"qodef-e swiper-slide\">\n\t<div class=\"qodef-e-inner\">\n\t\t<div class=\"qodef-e-inner-holder\">\n\t\t\t\t\t\t\t<a class=\"qodef-popup-item\" itemprop=\"image\" href=\"https:\/\/www.camping-puntadoro.com\/wp-content\/uploads\/2022\/02\/pexels-photo-170366.jpeg\" data-type=\"image\" data-fslightbox=\"gallery-143\" data-e-disable-page-transition=\u201dtrue\u201d>\n\t\t\t\t\t\t\t<img loading=\"lazy\" decoding=\"async\" width=\"1000\" height=\"1500\" src=\"https:\/\/www.camping-puntadoro.com\/wp-content\/uploads\/2022\/02\/pexels-photo-170366.jpeg\" class=\"attachment-full size-full\" alt=\"\" srcset=\"https:\/\/www.camping-puntadoro.com\/wp-content\/uploads\/2022\/02\/pexels-photo-170366.jpeg 1000w, https:\/\/www.camping-puntadoro.com\/wp-content\/uploads\/2022\/02\/pexels-photo-170366-200x300.jpeg 200w, https:\/\/www.camping-puntadoro.com\/wp-content\/uploads\/2022\/02\/pexels-photo-170366-683x1024.jpeg 683w, https:\/\/www.camping-puntadoro.com\/wp-content\/uploads\/2022\/02\/pexels-photo-170366-768x1152.jpeg 768w\" sizes=\"(max-width: 1000px) 100vw, 1000px\" \/>\t\t\t\t\t\t\t<\/a>\n\t\t\t\t\t<\/div>\n\t<\/div>\n\t<\/div>\n\t<\/div>\n\t\t<div class=\"swiper-pagination\"><\/div>\n<\/div>\n\t\t\t\t<\/div>\n\t\t\t\t<\/div>\n\t\t\t\t\t<\/div>\n\t\t<\/div>\n\t\t\t\t<div class=\"elementor-column elementor-col-66 elementor-top-column elementor-element elementor-element-d973f98\" data-id=\"d973f98\" data-element_type=\"column\" data-e-type=\"column\">\n\t\t\t<div class=\"elementor-widget-wrap elementor-element-populated\">\n\t\t\t\t\t\t<section class=\"elementor-section elementor-inner-section elementor-element elementor-element-0ff3c48 elementor-section-full_width elementor-section-height-default elementor-section-height-default qodef-elementor-content-no\" data-id=\"0ff3c48\" data-element_type=\"section\" data-e-type=\"section\" data-settings=\"{&quot;background_background&quot;:&quot;classic&quot;}\">\n\t\t\t\t\t\t<div class=\"elementor-container elementor-column-gap-default\">\n\t\t\t\t\t<div class=\"elementor-column elementor-col-100 elementor-inner-column elementor-element elementor-element-36a73fc\" data-id=\"36a73fc\" data-element_type=\"column\" data-e-type=\"column\" data-settings=\"{&quot;background_background&quot;:&quot;classic&quot;}\">\n\t\t\t<div class=\"elementor-widget-wrap\">\n\t\t\t\t\t\t\t<\/div>\n\t\t<\/div>\n\t\t\t\t\t<\/div>\n\t\t<\/section>\n\t\t\t\t<div class=\"elementor-element elementor-element-3c18d40 elementor-widget elementor-widget-kamperen_core_section_title\" data-id=\"3c18d40\" data-element_type=\"widget\" data-e-type=\"widget\" data-widget_type=\"kamperen_core_section_title.default\">\n\t\t\t\t<div class=\"elementor-widget-container\">\n\t\t\t\t\t<div class=\"qodef-shortcode qodef-m  qodef-section-title qodef-alignment--left \">\n\t\t<div class=\"qodef-m-tagline-mark\" >\n\t\tVergn\u00fcgen\t<\/div>\n\t\t<h2 class=\"qodef-m-title\" >\n\t\t\t\t\tSeetypische Spezialit\u00e4ten genie\u00dfen<br \/>\t\t\t<\/h2>\n\t\t<p class=\"qodef-m-text\" style=\"margin-top: 28px\">\nPobieren Sie die kulinarischen Spezialit\u00e4ten vom Lago d&#039;Iseo: pesce persico (Barschfilet), gegrillter Coregone (Felchenfilet), die Sardinen von Monte Isola oder das hochwertige Oliven\u00f6l der Umgebung. Dazu immer passend: ein Glas &#039;bollicine&#039; der naheliegenden Franciacorta. <\/p>\n<\/div>\n\t\t\t\t<\/div>\n\t\t\t\t<\/div>\n\t\t\t\t\t<\/div>\n\t\t<\/div>\n\t\t\t\t\t<\/div>\n\t\t<\/section>\n\t\t\t\t<\/div>\n\t\t","protected":false},"excerpt":{"rendered":"<p>Vergn\u00fcgen f\u00fcr Kinder Einige Vorschl\u00e4ge was man mit kleineren Kindern unternehmen kann: Spaziergang in der Torbiere. In Paratico gro\u00dfer Spielplatz mit Seepanorama, Seilrutsche, Trampolin, Bar und Picniczone. Wasserfunpark Acquasplash in Timoline (10 Autominuten). Arch\u00e4ologischer Park in Darfo Boario (30 min). Abenteuerpark Adventureland in Borno (50 min). Wasserfallweg in Franciacorta (der mit &#039;esperti&#039; gekennzeichnete Weg ist [&hellip;]<\/p>\n","protected":false},"author":1,"featured_media":0,"parent":0,"menu_order":0,"comment_status":"closed","ping_status":"closed","template":"","meta":{"_acf_changed":false,"footnotes":""},"class_list":["post-12328","page","type-page","status-publish","hentry"],"acf":[],"_links":{"self":[{"href":"https:\/\/www.camping-puntadoro.com\/de\/wp-json\/wp\/v2\/pages\/12328","targetHints":{"allow":["GET"]}}],"collection":[{"href":"https:\/\/www.camping-puntadoro.com\/de\/wp-json\/wp\/v2\/pages"}],"about":[{"href":"https:\/\/www.camping-puntadoro.com\/de\/wp-json\/wp\/v2\/types\/page"}],"author":[{"embeddable":true,"href":"https:\/\/www.camping-puntadoro.com\/de\/wp-json\/wp\/v2\/users\/1"}],"replies":[{"embeddable":true,"href":"https:\/\/www.camping-puntadoro.com\/de\/wp-json\/wp\/v2\/comments?post=12328"}],"version-history":[{"count":5,"href":"https:\/\/www.camping-puntadoro.com\/de\/wp-json\/wp\/v2\/pages\/12328\/revisions"}],"predecessor-version":[{"id":22300,"href":"https:\/\/www.camping-puntadoro.com\/de\/wp-json\/wp\/v2\/pages\/12328\/revisions\/22300"}],"wp:attachment":[{"href":"https:\/\/www.camping-puntadoro.com\/de\/wp-json\/wp\/v2\/media?parent=12328"}],"curies":[{"name":"wp","href":"https:\/\/api.w.org\/{rel}","templated":true}]}}