{"id":11055,"date":"2022-01-18T11:22:43","date_gmt":"2022-01-18T10:22:43","guid":{"rendered":"http:\/\/camping-puntadoro.com\/prenotazione-o-disponibilita\/"},"modified":"2025-01-20T11:09:28","modified_gmt":"2025-01-20T10:09:28","slug":"reservierung-verfugbarkeit-old","status":"publish","type":"page","link":"https:\/\/www.camping-puntadoro.com\/de\/reservierung-verfugbarkeit-old\/","title":{"rendered":"Anfrage\/Buchung Campingplatz"},"content":{"rendered":"\t\t<div data-elementor-type=\"wp-page\" data-elementor-id=\"11055\" class=\"elementor elementor-11055 elementor-8280\">\n\t\t\t\t\t\t<section class=\"elementor-section elementor-top-section elementor-element elementor-element-7737770 elementor-section-full_width elementor-section-stretched elementor-section-height-default elementor-section-height-default qodef-elementor-content-no\" data-id=\"7737770\" data-element_type=\"section\" data-e-type=\"section\" data-settings=\"{&quot;stretch_section&quot;:&quot;section-stretched&quot;}\">\n\t\t\t\t\t\t<div class=\"elementor-container elementor-column-gap-default\">\n\t\t\t\t\t<div class=\"elementor-column elementor-col-100 elementor-top-column elementor-element elementor-element-15597dc\" data-id=\"15597dc\" data-element_type=\"column\" data-e-type=\"column\">\n\t\t\t<div class=\"elementor-widget-wrap elementor-element-populated\">\n\t\t\t\t\t\t<div class=\"elementor-element elementor-element-ce7792a elementor-widget elementor-widget-qi_addons_for_elementor_contact_form_7\" data-id=\"ce7792a\" data-element_type=\"widget\" data-e-type=\"widget\" data-widget_type=\"qi_addons_for_elementor_contact_form_7.default\">\n\t\t\t\t<div class=\"elementor-widget-container\">\n\t\t\t\t\t<div class=\"qodef-shortcode qodef-m qodef-qi-contact-form-7\">\n\t\n<div class=\"wpcf7 no-js\" id=\"wpcf7-f10603-o1\" lang=\"de-DE\" dir=\"ltr\" data-wpcf7-id=\"10603\">\n<div class=\"screen-reader-response\"><p role=\"status\" aria-live=\"polite\" aria-atomic=\"true\"><\/p> <ul><\/ul><\/div>\n<form action=\"\/de\/wp-json\/wp\/v2\/pages\/11055#wpcf7-f10603-o1\" method=\"post\" class=\"wpcf7-form init\" aria-label=\"Kontaktformular\" novalidate=\"novalidate\" data-status=\"init\">\n<fieldset class=\"hidden-fields-container\"><input type=\"hidden\" name=\"_wpcf7\" value=\"10603\" \/><input type=\"hidden\" name=\"_wpcf7_version\" value=\"6.1.5\" \/><input type=\"hidden\" name=\"_wpcf7_locale\" value=\"de_DE\" \/><input type=\"hidden\" name=\"_wpcf7_unit_tag\" value=\"wpcf7-f10603-o1\" \/><input type=\"hidden\" name=\"_wpcf7_container_post\" value=\"0\" \/><input type=\"hidden\" name=\"_wpcf7_posted_data_hash\" value=\"\" \/>\n<\/fieldset>\n<div class=\"column-form\">\n   <h3>ICH BIN INTERESSIERT:<\/h3>\n   <label class=\"column-field\"> \n      <span class=\"wpcf7-form-control-wrap\" data-name=\"piazzolapref\"><select class=\"wpcf7-form-control wpcf7-select wpcf7-validates-as-required column-field-child\" aria-required=\"true\" aria-invalid=\"false\" name=\"piazzolapref\"><option value=\"Unverbindliche Anfrage oder Information\">Unverbindliche Anfrage oder Information<\/option><option value=\"einen Stellplatz zu reservieren wenn verf\u00fcgbar (bitte beachten Sie da\u00df eine Anfrage allein ohne Best\u00e4tigung keine Reservierung darstellt)\">einen Stellplatz zu reservieren wenn verf\u00fcgbar (bitte beachten Sie da\u00df eine Anfrage allein ohne Best\u00e4tigung keine Reservierung darstellt)<\/option><\/select><\/span>\n   <\/label>\n<\/div>\n\n<div class=\"column-form\">\n   <h3>DATUM ANKUNFT \/ DATUM ABREISE<\/h3>\n<div class=\"columns\">\n   <label class=\"column-field\"> \n      <b>Datum Ankunft:<\/b> \n      <span class=\"wpcf7-form-control-wrap\" data-name=\"piazzoladda\"><input class=\"wpcf7-form-control wpcf7-date wpcf7-validates-as-required wpcf7-validates-as-date required column-field-child\" id=\"piazzoladda\" min=\"2026-05-02\" step=\"1\" aria-required=\"true\" aria-invalid=\"false\" value=\"\" type=\"date\" name=\"piazzoladda\" \/><\/span> \n   <\/label>\n   <label class=\"column-field\"> \n      <b>Datum Abreise:<\/b>\n      <span class=\"wpcf7-form-control-wrap\" data-name=\"piazzoladdp\"><input class=\"wpcf7-form-control wpcf7-date wpcf7-validates-as-required wpcf7-validates-as-date required column-field-child\" id=\"piazzoladdp\" min=\"2026-05-03\" step=\"1\" aria-required=\"true\" aria-invalid=\"false\" value=\"\" type=\"date\" name=\"piazzoladdp\" \/><\/span> \n   <\/label>\n<\/div>\n<\/div>\n\n<div class=\"column-form\">\n   <h3>STELLPLATZ F\u00dcR <\/h3>\n   <label class=\"column-field\"> \n      <b>Einen Stellplatz f\u00fcr:<\/b>\n       <span class=\"wpcf7-form-control-wrap\" data-name=\"piazzolasel\"><select class=\"wpcf7-form-control wpcf7-select wpcf7-validates-as-required column-field-child\" aria-required=\"true\" aria-invalid=\"false\" name=\"piazzolasel\"><option value=\"\">&#8211; Bitte ausw\u00e4hlen &#8211;<\/option><option value=\"Zelt + Fahrrad \/ ohne Auto\">Zelt + Fahrrad \/ ohne Auto<\/option><option value=\"Zelt + Motorr\u00e4der\">Zelt + Motorr\u00e4der<\/option><option value=\"Zelt + Auto\">Zelt + Auto<\/option><option value=\"Dachzelt\">Dachzelt<\/option><option value=\"Zeltwagen + Auto\">Zeltwagen + Auto<\/option><option value=\"Wohnwagen ohne Mover\">Wohnwagen ohne Mover<\/option><option value=\"Wohnwagen mit Mover\">Wohnwagen mit Mover<\/option><option value=\"Wohnmobil\">Wohnmobil<\/option><option value=\"Kastenwagen \/ VAN\">Kastenwagen \/ VAN<\/option><option value=\"VW Bus\">VW Bus<\/option><\/select><\/span> \n   <\/label>\n\n   <div class=\"columns\">\n      <label class=\"column-field\"> \n         <b>mit Gesamtl\u00e4nge <br\/><\/b> <span class=\"column-subtitle\">(bitte korrekt angeben; bei Wohnwagen inklusive Deichsel)<\/span>\n         <span class=\"wpcf7-form-control-wrap\" data-name=\"piazzolalun\"><select class=\"wpcf7-form-control wpcf7-select wpcf7-validates-as-required column-field-child\" aria-required=\"true\" aria-invalid=\"false\" name=\"piazzolalun\"><option value=\"\">&#8211; Bitte ausw\u00e4hlen &#8211;<\/option><option value=\"2,0 m\">2,0 m<\/option><option value=\"2,5 m\">2,5 m<\/option><option value=\"3,0 m\">3,0 m<\/option><option value=\"3,5 m\">3,5 m<\/option><option value=\"4,0 m\">4,0 m<\/option><option value=\"4,5 m\">4,5 m<\/option><option value=\"5,0 m\">5,0 m<\/option><option value=\"5,5 m\">5,5 m<\/option><option value=\"5,6 m\">5,6 m<\/option><option value=\"5,7 m\">5,7 m<\/option><option value=\"5,8 m\">5,8 m<\/option><option value=\"5,9 m\">5,9 m<\/option><option value=\"6,0 m\">6,0 m<\/option><option value=\"6,1 m\">6,1 m<\/option><option value=\"6,2 m\">6,2 m<\/option><option value=\"6,3 m\">6,3 m<\/option><option value=\"6,4 m\">6,4 m<\/option><option value=\"6,5 m\">6,5 m<\/option><option value=\"6,6 m\">6,6 m<\/option><option value=\"6,7 m\">6,7 m<\/option><option value=\"6,8 m\">6,8 m<\/option><option value=\"6,9 m\">6,9 m<\/option><option value=\"7,0 m\">7,0 m<\/option><option value=\"7,1 m\">7,1 m<\/option><option value=\"7,2 m\">7,2 m<\/option><option value=\"7,3 m\">7,3 m<\/option><option value=\"7,4 m\">7,4 m<\/option><option value=\"7,5 m\">7,5 m<\/option><option value=\"7,6 m\">7,6 m<\/option><option value=\"7,7 m\">7,7 m<\/option><option value=\"7,8 m\">7,8 m<\/option><option value=\"7,9 m\">7,9 m<\/option><option value=\"8,0 m\">8,0 m<\/option><option value=\"8,5 m\">8,5 m<\/option><option value=\"9,0 m\">9,0 m<\/option><option value=\"9,5 m\">9,5 m<\/option><\/select><\/span>\n      <\/label>\n\n      <label class=\"column-field\"> \n         <b>und Gesamtbreite <br\/><\/b>\n         \n         <span class=\"column-subtitle\">(Wohnwagen\/-mobile mit 2,5 m Breite k\u00f6nnen nur auf Platz 44 und 55 stehen)<\/span>\n         <span class=\"wpcf7-form-control-wrap\" data-name=\"piazzolalar\"><select class=\"wpcf7-form-control wpcf7-select wpcf7-validates-as-required column-field-child\" aria-required=\"true\" aria-invalid=\"false\" name=\"piazzolalar\"><option value=\"\">&#8211; Bitte ausw\u00e4hlen &#8211;<\/option><option value=\"1,5 m\">1,5 m<\/option><option value=\"2,0 m\">2,0 m<\/option><option value=\"2,1 m\">2,1 m<\/option><option value=\"2,2 m\">2,2 m<\/option><option value=\"2,3 m\">2,3 m<\/option><option value=\"2,4 m\">2,4 m<\/option><option value=\"2,5 m\">2,5 m<\/option><option value=\"3,0 m\">3,0 m<\/option><option value=\"3,5 m\">3,5 m<\/option><option value=\"4,0 m\">4,0 m<\/option><option value=\"4,5 m\">4,5 m<\/option><option value=\"5,0 m\">5,0 m<\/option><option value=\"5,5 m\">5,5 m<\/option><option value=\"6,0 m\">6,0 m<\/option><option value=\"6,5 m\">6,5 m<\/option><option value=\"7,0 m\">7,0 m<\/option><\/select><\/span>\n      <\/label>\n   <\/div>\n\n   <label class=\"column-field\"> \n      <b>Ich bevorzuge einen Stellplatz der Kategorie: <\/b>\n      <span class=\"column-subtitle\">mehrfachauswahl m\u00f6glich - <a href=\"https:\/\/www.camping-puntadoro.com\/wp-content\/uploads\/2022\/02\/camping-punta-doro-map-piazzolegrandi-mod.jpg\" target=\"_blank\"><b>PLAN DER STELLPL\u00c4TZE VISUALISIEREN<\/b><\/a><\/span>\n   <\/label>\n<br\/>\n   <span class=\"wpcf7-form-control-wrap\" data-name=\"piazzolatype\"><span class=\"wpcf7-form-control wpcf7-checkbox wpcf7-validates-as-required column-field-child\"><span class=\"wpcf7-list-item first\"><input type=\"checkbox\" name=\"piazzolatype[]\" value=\"Zona Bianca\" \/><span class=\"wpcf7-list-item-label\">Zona Bianca<\/span><\/span><span class=\"wpcf7-list-item\"><input type=\"checkbox\" name=\"piazzolatype[]\" value=\"Zona Viola\" \/><span class=\"wpcf7-list-item-label\">Zona Viola<\/span><\/span><span class=\"wpcf7-list-item\"><input type=\"checkbox\" name=\"piazzolatype[]\" value=\"Zona Azzurra\" \/><span class=\"wpcf7-list-item-label\">Zona Azzurra<\/span><\/span><span class=\"wpcf7-list-item\"><input type=\"checkbox\" name=\"piazzolatype[]\" value=\"Zona Blu\" \/><span class=\"wpcf7-list-item-label\">Zona Blu<\/span><\/span><span class=\"wpcf7-list-item last\"><input type=\"checkbox\" name=\"piazzolatype[]\" value=\"Zona Verde\" \/><span class=\"wpcf7-list-item-label\">Zona Verde<\/span><\/span><\/span><\/span>\n<br\/>\n   <span class=\"wpcf7-form-control-wrap\" data-name=\"piazzolaopen\"><span class=\"wpcf7-form-control wpcf7-checkbox column-field-child\"><span class=\"wpcf7-list-item first last\"><input type=\"checkbox\" name=\"piazzolaopen[]\" value=\"Bitte bei Nichtverf\u00fcgbarkeit Alternativen vorschlagen.\" \/><span class=\"wpcf7-list-item-label\">Bitte bei Nichtverf\u00fcgbarkeit Alternativen vorschlagen.<\/span><\/span><\/span><\/span>\n<br\/>\n   <div class=\"columns\">\n      <label class=\"column-field\"> \n         <b>Erwachsener\n         <br\/><\/b><span class=\"column-subtitle\"><\/span>\n         <span class=\"wpcf7-form-control-wrap\" data-name=\"piazzolaadu\"><select class=\"wpcf7-form-control wpcf7-select column-field-child\" aria-invalid=\"false\" name=\"piazzolaadu\"><option value=\"01\">01<\/option><option value=\"02\">02<\/option><option value=\"03\">03<\/option><option value=\"04\">04<\/option><option value=\"05\">05<\/option><option value=\"06\">06<\/option><option value=\"07\">07<\/option><option value=\"08\">08<\/option><option value=\"09\">09<\/option><\/select><\/span>\n      <\/label>\n      \n      <label class=\"column-field\"> \n        <b>Kind<br\/><\/b> <span class=\"column-subtitle\">(1-9 JAHRE)<\/span>\n         <span class=\"wpcf7-form-control-wrap\" data-name=\"piazzolabam\"><select class=\"wpcf7-form-control wpcf7-select column-field-child\" aria-invalid=\"false\" name=\"piazzolabam\"><option value=\"00\">00<\/option><option value=\"01\">01<\/option><option value=\"02\">02<\/option><option value=\"03\">03<\/option><option value=\"04\">04<\/option><option value=\"05\">05<\/option><option value=\"06\">06<\/option><option value=\"07\">07<\/option><option value=\"08\">08<\/option><option value=\"09\">09<\/option><\/select><\/span>\n      <\/label>\n\n<label class=\"column-field\"> \n        <b>Baby<br\/><\/b> <span class=\"column-subtitle\">(0-11 Monate)<\/span>\n         <span class=\"wpcf7-form-control-wrap\" data-name=\"piazzolabab\"><select class=\"wpcf7-form-control wpcf7-select column-field-child\" aria-invalid=\"false\" name=\"piazzolabab\"><option value=\"00\">00<\/option><option value=\"01\">01<\/option><option value=\"02\">02<\/option><option value=\"03\">03<\/option><option value=\"04\">04<\/option><option value=\"05\">05<\/option><option value=\"06\">06<\/option><option value=\"07\">07<\/option><option value=\"08\">08<\/option><option value=\"09\">09<\/option><\/select><\/span>\n      <\/label>\n\n      <label class=\"column-field\"> \n         <b>Hund<br\/><\/b><span class=\"column-subtitle\"><strong>max 1<\/strong><\/span>\n         <span class=\"wpcf7-form-control-wrap\" data-name=\"piazzolacani\"><select class=\"wpcf7-form-control wpcf7-select column-field-child\" aria-invalid=\"false\" name=\"piazzolacani\"><option value=\"00\">00<\/option><option value=\"01\">01<\/option><\/select><\/span>\n      <\/label>\n   <\/div>\n   <div class=\"columns\">\n      <label class=\"column-field\"> \n         <b>Auto extra:<br\/><\/b><span class=\"column-subtitle\">NUR \u00c4NDERN WENN SIE MIT ZWEI AUTOS KOMMEN<\/span>\n         <span class=\"wpcf7-form-control-wrap\" data-name=\"piazzolaauto\"><select class=\"wpcf7-form-control wpcf7-select column-field-child\" aria-invalid=\"false\" name=\"piazzolaauto\"><option value=\"00\">00<\/option><option value=\"01\">01<\/option><option value=\"02\">02<\/option><option value=\"03\">03<\/option><\/select><\/span>\n      <\/label>\n      \n      <label class=\"column-field\"> \n         <b>Motorrad extra:<br\/><\/b><span class=\"column-subtitle\">NUR \u00c4NDERN WENN SIE MIT MEHR ALS ZWEI KOMMEN<\/span>\n         <span class=\"wpcf7-form-control-wrap\" data-name=\"piazzolamoto\"><select class=\"wpcf7-form-control wpcf7-select column-field-child\" aria-invalid=\"false\" name=\"piazzolamoto\"><option value=\"00\">00<\/option><option value=\"01\">01<\/option><option value=\"02\">02<\/option><option value=\"03\">03<\/option><\/select><\/span>\n      <\/label>\n   <\/div>\n   <div class=\"columns\">\n      <label class=\"column-field\"> \n         <b>kleines Boot:<br\/><\/b><span class=\"column-subtitle\">(MIT MOTOR)<\/span>\n         <span class=\"wpcf7-form-control-wrap\" data-name=\"piazzolabapi\"><select class=\"wpcf7-form-control wpcf7-select column-field-child\" aria-invalid=\"false\" name=\"piazzolabapi\"><option value=\"00\">00<\/option><option value=\"01\">01<\/option><option value=\"02\">02<\/option><option value=\"03\">03<\/option><\/select><\/span>\n      <\/label>\n\n      <label class=\"column-field\"> \n         <b>gro\u00dfes Boot:<br\/><\/b><span class=\"column-subtitle\">(MIT ABSTELLPLATZ F\u00dcR TRAILER)<\/span>\n         <span class=\"wpcf7-form-control-wrap\" data-name=\"piazzolabagra\"><select class=\"wpcf7-form-control wpcf7-select column-field-child\" aria-invalid=\"false\" name=\"piazzolabagra\"><option value=\"00\">00<\/option><option value=\"01\">01<\/option><option value=\"02\">02<\/option><\/select><\/span>\n      <\/label>\n\n      <label class=\"column-field\"> \n         <b>Boje:<br\/><\/b><span class=\"column-subtitle\">&nbsp;<\/span>\n         <span class=\"wpcf7-form-control-wrap\" data-name=\"piazzolaboa\"><select class=\"wpcf7-form-control wpcf7-select column-field-child\" aria-invalid=\"false\" name=\"piazzolaboa\"><option value=\"00\">00<\/option><option value=\"01\">01<\/option><option value=\"02\">02<\/option><\/select><\/span>\n      <\/label>\n   <\/div>\n<\/div>\n\n<div class=\"column-form\">\n   <h3>ANMERKUNG:<\/h3>\n   <label class=\"column-field\"> \n      <b>Bitte schreiben Sie hier wenn Sie eine Anmerkung machen m\u00f6chten<\/b>\n      <span class=\"wpcf7-form-control-wrap\" data-name=\"notemodule\"><input size=\"40\" maxlength=\"400\" class=\"wpcf7-form-control wpcf7-text column-field-child\" aria-invalid=\"false\" value=\"\" type=\"text\" name=\"notemodule\" \/><\/span>\n   <\/label>\n<\/div>\n\n<div class=\"column-form\">\n   <h3>ADRESSE <\/h3>\n   <div class=\"columns\">\n\n      <label class=\"column-field\"> \n         <b>Nachname:<\/b>\n         <span class=\"wpcf7-form-control-wrap\" data-name=\"piazzolacognome\"><input size=\"40\" maxlength=\"400\" class=\"wpcf7-form-control wpcf7-text wpcf7-validates-as-required column-field-child\" aria-required=\"true\" aria-invalid=\"false\" value=\"\" type=\"text\" name=\"piazzolacognome\" \/><\/span>\n      <\/label>\n\n      <label class=\"column-field\"> \n         <b>Name:<\/b>\n         <span class=\"wpcf7-form-control-wrap\" data-name=\"piazzolanome\"><input size=\"40\" maxlength=\"400\" class=\"wpcf7-form-control wpcf7-text wpcf7-validates-as-required column-field-child\" aria-required=\"true\" aria-invalid=\"false\" value=\"\" type=\"text\" name=\"piazzolanome\" \/><\/span>\n      <\/label>\n   <\/div>\n   <div class=\"columns\">\n      <label class=\"column-field\"> \n         <b>E-mail:<\/b>\n         <span class=\"wpcf7-form-control-wrap\" data-name=\"piazzolaemail\"><input size=\"40\" maxlength=\"400\" class=\"wpcf7-form-control wpcf7-email wpcf7-validates-as-required wpcf7-text wpcf7-validates-as-email column-field-child\" aria-required=\"true\" aria-invalid=\"false\" value=\"\" type=\"email\" name=\"piazzolaemail\" \/><\/span>\n      <\/label>\n      \n      <label class=\"column-field\"> \n         <b> Handynummer:<\/b>\n         <span class=\"wpcf7-form-control-wrap\" data-name=\"piazzolatel\"><input size=\"40\" maxlength=\"400\" class=\"wpcf7-form-control wpcf7-tel wpcf7-validates-as-required wpcf7-text wpcf7-validates-as-tel column-field-child\" aria-required=\"true\" aria-invalid=\"false\" value=\"\" type=\"tel\" name=\"piazzolatel\" \/><\/span>\n      <\/label>\n\n      \n   <\/div>\n\n   <div class=\"columns\">\n      <label class=\"column-field\">\n         <b>Nation:<\/b>\n         <span class=\"wpcf7-form-control-wrap\" data-name=\"piazzolanazione\"><input size=\"40\" maxlength=\"400\" class=\"wpcf7-form-control wpcf7-text wpcf7-validates-as-required column-field-child\" aria-required=\"true\" aria-invalid=\"false\" value=\"\" type=\"text\" name=\"piazzolanazione\" \/><\/span>\n      <\/label>\n\n      <label class=\"column-field\"> \n         <b>Stra\u00dfe:<\/b>\n         <span class=\"wpcf7-form-control-wrap\" data-name=\"piazzolaindirizzo\"><input size=\"40\" maxlength=\"400\" class=\"wpcf7-form-control wpcf7-text wpcf7-validates-as-required column-field-child\" aria-required=\"true\" aria-invalid=\"false\" value=\"\" type=\"text\" name=\"piazzolaindirizzo\" \/><\/span>\n      <\/label>\n   <\/div>\n   <div class=\"columns\">\n      <label class=\"column-field\"> \n         <b>Stadt:<\/b>\n         <span class=\"wpcf7-form-control-wrap\" data-name=\"piazzolacitt\"><input size=\"40\" maxlength=\"400\" class=\"wpcf7-form-control wpcf7-text wpcf7-validates-as-required column-field-child\" aria-required=\"true\" aria-invalid=\"false\" value=\"\" type=\"text\" name=\"piazzolacitt\" \/><\/span>\n      <\/label>\n\n      <label class=\"column-field\"> \n         <b>PLZ:<\/b>\n         <span class=\"wpcf7-form-control-wrap\" data-name=\"piazzolacap\"><input class=\"wpcf7-form-control wpcf7-number wpcf7-validates-as-required wpcf7-validates-as-number column-field-child\" aria-required=\"true\" aria-invalid=\"false\" value=\"\" type=\"number\" name=\"piazzolacap\" \/><\/span>\n      <\/label>\n   <\/div>\n\n<\/div>\n\n<div class=\"column-form\">\n\n   <h3>EXTRA \u00dcBERNACHTUNGSG\u00c4STE <\/h3>\n   <span class=\"column-subtitle\">(die nicht den ganzen Reservierungszeitraum \u00fcber bleiben)<\/span>\n   <div class=\"columns\">\n      <label class=\"column-field\"> \n         <b>BESUCHER 01:<\/b>\n         <span class=\"wpcf7-form-control-wrap\" data-name=\"piazzolav1\"><select class=\"wpcf7-form-control wpcf7-select column-field-child\" aria-invalid=\"false\" name=\"piazzolav1\"><option value=\"\">&#8211; Bitte ausw\u00e4hlen &#8211;<\/option><option value=\"Adulto Bambino\">Adulto Bambino<\/option><\/select><\/span>\n      <\/label>\n      <label class=\"column-field\"> \n         <b>DATUM ANKUNFT:<\/b> \n         <span class=\"wpcf7-form-control-wrap\" data-name=\"piazzolav1dda\"><input class=\"wpcf7-form-control wpcf7-date wpcf7-validates-as-date required column-field-child\" min=\"2026-05-02\" aria-invalid=\"false\" value=\"\" type=\"date\" name=\"piazzolav1dda\" \/><\/span>\n      <\/label>\n      <label class=\"column-field\"> \n         <b>DATUM ABREISE:<\/b>\n         <span class=\"wpcf7-form-control-wrap\" data-name=\"piazzolav1ddap\"><input class=\"wpcf7-form-control wpcf7-date wpcf7-validates-as-date required column-field-child\" min=\"2026-05-02\" aria-invalid=\"false\" value=\"\" type=\"date\" name=\"piazzolav1ddap\" \/><\/span>\n      <\/label>\n   <\/div>\n\n   <div class=\"columns\">\n      <label class=\"column-field\"> \n         <b>BESUCHER 02:<\/b>\n         <span class=\"wpcf7-form-control-wrap\" data-name=\"piazzolav2\"><select class=\"wpcf7-form-control wpcf7-select column-field-child\" aria-invalid=\"false\" name=\"piazzolav2\"><option value=\"\">&#8211; Bitte ausw\u00e4hlen &#8211;<\/option><option value=\"Adulto Bambino\">Adulto Bambino<\/option><\/select><\/span>\n      <\/label>\n\n      <label class=\"column-field\"> \n         <b>DATUM ANKUNFT:<\/b> \n         <span class=\"wpcf7-form-control-wrap\" data-name=\"piazzolav2dda\"><input class=\"wpcf7-form-control wpcf7-date wpcf7-validates-as-date required column-field-child\" min=\"2026-05-02\" aria-invalid=\"false\" value=\"\" type=\"date\" name=\"piazzolav2dda\" \/><\/span>\n      <\/label>\n\n      <label class=\"column-field\"> \n         <b>DATUM ABREISE:<\/b>\n         <span class=\"wpcf7-form-control-wrap\" data-name=\"piazzolav2ddap\"><input class=\"wpcf7-form-control wpcf7-date wpcf7-validates-as-date required column-field-child\" min=\"2026-05-02\" aria-invalid=\"false\" value=\"\" type=\"date\" name=\"piazzolav2ddap\" \/><\/span>\n      <\/label>\n   <\/div>\n\n   <div class=\"columns\">\n      <label class=\"column-field\"> \n         <b>BESUCHER 03:<\/b>\n         <span class=\"wpcf7-form-control-wrap\" data-name=\"piazzolav3\"><select class=\"wpcf7-form-control wpcf7-select column-field-child\" aria-invalid=\"false\" name=\"piazzolav3\"><option value=\"\">&#8211; Bitte ausw\u00e4hlen &#8211;<\/option><option value=\"Adulto Bambino\">Adulto Bambino<\/option><\/select><\/span>\n         \n      <\/label>\n\n      <label class=\"column-field\"> \n         <b>DATUM ANKUNFT:<\/b> \n         <span class=\"wpcf7-form-control-wrap\" data-name=\"piazzolav3dda\"><input class=\"wpcf7-form-control wpcf7-date wpcf7-validates-as-date required column-field-child\" min=\"2026-05-02\" aria-invalid=\"false\" value=\"\" type=\"date\" name=\"piazzolav3dda\" \/><\/span>\n      <\/label>\n\n      <label class=\"column-field\"> \n         <b>DATUM ABREISE:<\/b>\n         <span class=\"wpcf7-form-control-wrap\" data-name=\"piazzolav3ddap\"><input class=\"wpcf7-form-control wpcf7-date wpcf7-validates-as-date required column-field-child\" min=\"2026-05-02\" aria-invalid=\"false\" value=\"\" type=\"date\" name=\"piazzolav3ddap\" \/><\/span>\n      <\/label>\n   <\/div>\n\n<div class=\"columns\" data-aos=\"fade\">\n        <label class=\"field column-field\" aria-label=\"Subject\">\n         <span class=\"wpcf7-form-control-wrap\" data-name=\"privacy\"><span class=\"wpcf7-form-control wpcf7-acceptance\"><span class=\"wpcf7-list-item\"><label><input type=\"checkbox\" name=\"privacy\" value=\"1\" aria-invalid=\"false\" \/><span class=\"wpcf7-list-item-label\">Ich stimme der Verarbeitung meiner pers\u00f6nlichen Daten zu, wie sie in der <a href=\"https:\/\/www.camping-puntadoro.com\/de\/privacy\/\">Privacy Policy<\/a> beschrieben.<\/span><\/label><\/span><\/span><\/span>\n        <\/label>\n   <\/div>\n\n<\/div>\n\n<button class=\"wpcf7-form-control wpcf7-submit buttoninvio qodef-shortcode qodef-m  qodef-button qodef-layout--textual  qodef-html--link\" type=\"submit\"><span class=\"qodef-m-text\">Weiter<\/span><span class=\"qodef-m-icon\"><svg xmlns=\"http:\/\/www.w3.org\/2000\/svg\" width=\"20.053\" height=\"10.039\" viewBox=\"0 0 20.053 10.039\"><path d=\"M17.474,11.444a.683.683,0,0,0-.005.962l3.179,3.184H3.549a.68.68,0,0,0,0,1.359H20.643l-3.179,3.184a.688.688,0,0,0,.005.962.677.677,0,0,0,.957-.005l4.308-4.34h0a.763.763,0,0,0,.141-.214.649.649,0,0,0,.052-.261.681.681,0,0,0-.193-.476l-4.308-4.34A.666.666,0,0,0,17.474,11.444Z\" transform=\"translate(-2.875 -11.252)\"><\/path><\/svg><\/span><\/button><div class=\"wpcf7-response-output\" aria-hidden=\"true\"><\/div>\n<\/form>\n<\/div>\n<\/div>\n\t\t\t\t<\/div>\n\t\t\t\t<\/div>\n\t\t\t\t\t<\/div>\n\t\t<\/div>\n\t\t\t\t\t<\/div>\n\t\t<\/section>\n\t\t\t\t<\/div>\n\t\t","protected":false},"excerpt":{"rendered":"<p>ICH BIN INTERESSIERT: Unverbindliche Anfrage oder Informationeinen Stellplatz zu reservieren wenn verf\u00fcgbar (bitte beachten Sie da\u00df eine Anfrage allein ohne Best\u00e4tigung keine Reservierung darstellt) DATUM ANKUNFT \/ DATUM ABREISE Datum Ankunft: Datum Abreise: STELLPLATZ F\u00dcR Einen Stellplatz f\u00fcr: &#8212;Seleziona un&#039;opzione&#8212;Zelt + Fahrrad \/ ohne AutoZelt + Motorr\u00e4derZelt + AutoDachzeltZeltwagen + AutoWohnwagen ohne MoverWohnwagen mit MoverWohnmobilKastenwagen [&hellip;]<\/p>\n","protected":false},"author":1,"featured_media":0,"parent":0,"menu_order":0,"comment_status":"closed","ping_status":"closed","template":"","meta":{"_acf_changed":false,"footnotes":""},"class_list":["post-11055","page","type-page","status-publish","hentry"],"acf":[],"_links":{"self":[{"href":"https:\/\/www.camping-puntadoro.com\/de\/wp-json\/wp\/v2\/pages\/11055","targetHints":{"allow":["GET"]}}],"collection":[{"href":"https:\/\/www.camping-puntadoro.com\/de\/wp-json\/wp\/v2\/pages"}],"about":[{"href":"https:\/\/www.camping-puntadoro.com\/de\/wp-json\/wp\/v2\/types\/page"}],"author":[{"embeddable":true,"href":"https:\/\/www.camping-puntadoro.com\/de\/wp-json\/wp\/v2\/users\/1"}],"replies":[{"embeddable":true,"href":"https:\/\/www.camping-puntadoro.com\/de\/wp-json\/wp\/v2\/comments?post=11055"}],"version-history":[{"count":5,"href":"https:\/\/www.camping-puntadoro.com\/de\/wp-json\/wp\/v2\/pages\/11055\/revisions"}],"predecessor-version":[{"id":21975,"href":"https:\/\/www.camping-puntadoro.com\/de\/wp-json\/wp\/v2\/pages\/11055\/revisions\/21975"}],"wp:attachment":[{"href":"https:\/\/www.camping-puntadoro.com\/de\/wp-json\/wp\/v2\/media?parent=11055"}],"curies":[{"name":"wp","href":"https:\/\/api.w.org\/{rel}","templated":true}]}}