{"id":11043,"date":"2022-02-03T11:58:00","date_gmt":"2022-02-03T10:58:00","guid":{"rendered":"http:\/\/camping-puntadoro.com\/condizioni-generali\/"},"modified":"2026-03-13T11:36:00","modified_gmt":"2026-03-13T10:36:00","slug":"reservierungsbedingungen","status":"publish","type":"page","link":"https:\/\/www.camping-puntadoro.com\/de\/reservierungsbedingungen\/","title":{"rendered":"Reservierungsbedingungen"},"content":{"rendered":"\t\t<div data-elementor-type=\"wp-page\" data-elementor-id=\"11043\" class=\"elementor elementor-11043 elementor-8581\">\n\t\t\t\t\t\t<section class=\"elementor-section elementor-top-section elementor-element elementor-element-d611374 elementor-section-full_width qodef-elementor-content-grid elementor-section-height-default elementor-section-height-default\" data-id=\"d611374\" data-element_type=\"section\" data-e-type=\"section\">\n\t\t\t\t\t\t<div class=\"elementor-container elementor-column-gap-default\">\n\t\t\t\t\t<div class=\"elementor-column elementor-col-100 elementor-top-column elementor-element elementor-element-6f1f1b8\" data-id=\"6f1f1b8\" data-element_type=\"column\" data-e-type=\"column\">\n\t\t\t<div class=\"elementor-widget-wrap elementor-element-populated\">\n\t\t\t\t\t\t<div class=\"elementor-element elementor-element-6aea83a elementor-widget elementor-widget-kamperen_core_section_title\" data-id=\"6aea83a\" data-element_type=\"widget\" data-e-type=\"widget\" data-widget_type=\"kamperen_core_section_title.default\">\n\t\t\t\t<div class=\"elementor-widget-container\">\n\t\t\t\t\t<div class=\"qodef-shortcode qodef-m  qodef-section-title qodef-alignment--left \">\n\t\t<div class=\"qodef-m-tagline-mark\" >\n\t\tBedingungen\t<\/div>\n\t\t<h2 class=\"qodef-m-title\" style=\"margin-top: 8px\">\n\t\t\t\t\tReservierungsbedingungen\t\t\t<\/h2>\n\t\t<p class=\"qodef-m-text\" >[Liebe Kollegen, sich inspirieren lassen ist erlaubt \u2013 Copy &amp; Paste dagegen ist gesetzlich verboten.]\n\n<\/p>\n<\/div>\n\t\t\t\t<\/div>\n\t\t\t\t<\/div>\n\t\t\t\t<div class=\"elementor-element elementor-element-912b712 elementor-widget__width-initial elementor-widget elementor-widget-text-editor\" data-id=\"912b712\" data-element_type=\"widget\" data-e-type=\"widget\" data-widget_type=\"text-editor.default\">\n\t\t\t\t<div class=\"elementor-widget-container\">\n\t\t\t\t\t\t\t\t\t<p>\u00a0<\/p><p>Reservierungen f\u00fcr Campingpl\u00e4tze und Hotels basieren europaweit auf sog. Beherbungsvertr\u00e4gen, die f\u00fcr beide Seiten verpflichtend sind. Reservierungen sind verbindlich und nicht abh\u00e4ngig von Wetterverh\u00e4ltnissen oder pers\u00f6nlichen Gr\u00fcnden.<\/p><p>1 \u00a0<strong>RESERVIERUNGEN SIND NUR G\u00dcLTIG MIT SCHRIFTLICHER BEST\u00c4TIGUNG<\/strong><\/p><p>Reservierungen sind nur mit unserer schriftlichen Best\u00e4tigung per E-Mail, SMS oder Messenger g\u00fcltig. Vom Gast nachtr\u00e4glich gew\u00fcnschte \u00c4nderungen der Reservierung m\u00fcssen von uns schriftlich best\u00e4tigt sein.<\/p><p>2 \u00a0<strong>REGELN BEZ\u00dcGLICH DER BUCHUNG UND PLATZNUTZUNG<\/strong><\/p><p><strong>&#8211;<\/strong> Reservierungen sind pers\u00f6nlich und <strong>nicht \u00fcbertragbar.<\/strong><\/p><p><strong>&#8211;<\/strong> Die maximale Personenanzahl pro Stellplatz betr\u00e4gt 6 in den Kategorien AZZURRA, BLU, VERDE, 4 in der Kategorie VIOLA und 3 in der Kategorie BIANCA.<br data-start=\"740\" data-end=\"743\" \/>Pro Stellplatz ist <strong>nur eine Camping-Einheit<\/strong> erlaubt (ein Zelt, ein Caravan oder ein Wohnmobil); zus\u00e4tzliche Zelte sind nicht gestattet. Die Platzierung erfolgt nach den Anweisungen des Personals.<\/p><p><strong>&#8211; Die bei der Buchung angegebenen Daten<\/strong> (Personenzahl, Aufenthaltsdauer, Gr\u00f6\u00dfe von Wohnmobil, Wohnwagen oder Zelt) <strong>sind verbindlich<\/strong>.\u2028 \u00c4nderungen (z. B. geringere Personenzahl oder k\u00fcrzere Aufenthaltsdauer) f\u00fchren nicht zu einer Reduzierung des f\u00e4lligen Endbetrags. Eine fr\u00fchere Anreise berechtigt nicht zu einer fr\u00fcheren Abreise.<br \/>Wenn bei der Ankunft die tats\u00e4chliche Personenzahl h\u00f6her ist als angegeben, beh\u00e4lt sich die Leitung das Recht vor, den Aufenthalt zu stornieren \u2013 ohne Anspruch auf R\u00fcckerstattung.<\/p><p>Wenn die <strong>tats\u00e4chlichen Abmessungen Ihrer Camping\u00adeinhei<\/strong>t die angegebenen Ma\u00dfe \u00fcberschreiten, kann die Buchung ohne R\u00fcckerstattung annulliert werden. Die Angabe der Gesamtl\u00e4nge mu\u00df Deichsel, Fahrradtr\u00e4ger und Gep\u00e4ckboxen beinhalten \u2013 <strong>alles, was Platz beansprucht, auch eingeklappt, ist mit einzurechnen<\/strong>. Eine Toleranz von maximal 10 cm wird akzeptiert. <span style=\"text-decoration: underline;\"><strong>Bitte \u00fcberpr\u00fcfen Sie die Ma\u00dfe sorgf\u00e4ltig, bevor Sie die Buchung vornehmen<\/strong><\/span>.<br \/>Nach Ermessen der Platzleitung kann ein \u00dcberschreiten der angegebenen Personenzahl oder der L\u00e4nge der Camping\u00adeinheit gegen einen Aufpreis von 50 bis 100 EUR akzeptiert werden.<\/p><p class=\"versioneTermini\">3 \u00a0<strong>DIE VORGABEN F\u00dcR CHECK-IN UND CHECK-OUT SIND VERBINDLICH<\/strong>.<\/p><p><strong>ANKUNFT<\/strong>:<br \/>von <strong>10:30 bis 12:30 h<\/strong> und von <strong>13:45 bis 21:30 h<\/strong><br \/>\u2028Zwischen 12:30 und 13:45 Uhr ist der Zugang zu den Stellpl\u00e4tzen nicht gestattet.\u2028 Bitte planen Sie Ihre Anreise entsprechend \u2013 der Platz zum Parken au\u00dferhalb des Campinggel\u00e4ndes ist sehr begrenzt.<\/p><p><strong>ABREISE<\/strong>:<br \/>von <strong>07:30 bis 10:30 h<\/strong>.<br \/>\u2028<strong>Vor 7.30 h gilt ein striktes Fahr- und Rangierverbot<\/strong> (Auto, Motorrad, Wohnmobil, Wohnwagen) und das <strong>Abbauen von Zelten ist nicht gestatte<\/strong>t.<\/p><p>4 \u00a0<strong>G\u00dcLTIGKEIT DER RESERVIERUNG<\/strong><\/p><p>Am Tag der Anreise verlieren Reservierungen f\u00fcr Stellpl\u00e4tze ohne Anzahlung ihre G\u00fcltigkeit nach 16 Uhr, Reservierungen mit Anzahlung nach 21 Uhr. Nach dieser Zeit wird der Gast als no-show betrachtet. Die Direktion beh\u00e4lt sich das Recht vor, den Stellplatz nach 16 bzw. 21 h anderweitig zu vergeben, au\u00dfer man informiert uns zeitgerecht per Telefon 0039030980084.<\/p><p class=\"versioneTermini\">5\u00a0<strong>ZUGESAGTE STELLPLATZNUMMER<\/strong><\/p><p>Mit der Reservierungsbest\u00e4tigung sichert Ihnen Punta D&#8217;Oro einen Stellplatz zu. Bei zwingenden, organistorischen Gr\u00fcnden, h\u00f6herer Gewalt oder anderen Umst\u00e4nden, die au\u00dferhalb der Kontrolle der Direktion liegen, kann die Direktion die zugesagte Platznummer \u00e4ndern ohne jegliche Verpflichtung zur Entsch\u00e4digung.\u00a0<\/p><p class=\"versioneTermini\">6 <strong>PREISLISTE UND CAMPINGORDNUNG<\/strong><\/p><p>Preisliste und Campingordung sind Bestandteil der Allgemeinen Gesch\u00e4ftsbedingungen f\u00fcr das Reservieren von Stellpl\u00e4tzen. Mit der Buchung erkennen Sie die Campingordnung an.<\/p><p>7 <strong>VERRECHNUNG DER ANZAHLUNG UND STORNIERUNGEN<\/strong><\/p><p>Die Anzahlung gilt gem\u00e4\u00df Art. 1385 des italienischen Zivilgesetzbuches als Vertragsbest\u00e4tigung und betr\u00e4gt in der Regel mindestens 35 % des Gesamtbetrags des Aufenthalts. F\u00fcr Buchungen im Zeitraum vom 28.03. bis zum 11.04.26 betr\u00e4gt die Anzahlung 50% des Gesamtbetrags f\u00fcr den Aufenthalt. <strong>Bei Einhaltung aller Buchungsbedingungen wird die Anzahlung vollst\u00e4ndig auf die Endabrechnung angerechnet<\/strong>.<\/p><p>Stornierungen m\u00fcssen schriftlich erfolgen.<\/p><p><strong>Bei Stornierungen bis 30 Tage vor Anreise wird die Anzahlung abz\u00fcglich 30 EUR Bearbeitungsgeb\u00fchr zur\u00fcckerstattet<\/strong>.<\/p><p><strong>Bei Stornierungen innerhalb der 30 Tage vor Beginn des Aufenthalts wird die Anzahlung nicht zur\u00fcckerstattet<\/strong>.<br \/>Wir erkennen an, dass unvorhergesehene Umst\u00e4nde wie Krankheit, famili\u00e4re Notf\u00e4lle einschlie\u00dflich Todesfall, berufliche Verpflichtungen oder Sch\u00e4den am Fahrzeug die Anreise unm\u00f6glich machen oder eine vorzeitige Abreise erfordern k\u00f6nnen. Diese pers\u00f6nlichen Gr\u00fcnde liegen jedoch au\u00dferhalb unserer Kontrolle.<br \/>Da <strong>Stornierungen f\u00fcr uns ein wiederkehrendes Proble<\/strong>m darstellen, k\u00f6nnen bei einer nicht fristgerechten Reservierung (unter 30 Tagen vor Anreise) keine individuellen Ausnahmen gew\u00e4hrt werden.\u2028 Die geleistete Anzahlung wird weder zur\u00fcckerstattet noch in einen Gutschein umgewandelt, und es ist nicht m\u00f6glich, die Buchung zu \u00e4ndern oder zu verschieben.\u2028 Aus diesem Grund empfehlen wir den Abschluss einer Reiser\u00fccktrittsversicherung die auch Reiseabbruch miteinschlie\u00dft. <br \/><strong>Wetterwarnungen<\/strong> stellen keinen Grund f\u00fcr eine kostenlose Stornierung dar, da sie nur selten ausreichend pr\u00e4zise sind. Auch in der Saison 2025 blieben die Wetterbedingungen an unserem Standort im normalen saisonalen Rahmen (trotz unz\u00e4hliger Wetter- und Reisewarnungen in den internationalen Medien), es gab keine au\u00dfergew\u00f6hnlichen Wetterereignisse. Es gibt die M\u00f6glichkeit eine <a href=\"https:\/\/wetterheld.com\/home\/de\/regenversicherung-urlaub?just_arrived=1\">Regenversicherung<\/a> abschlie\u00dfen.<\/p><p>8 <strong>RESERVIERUNG VON BOJEN<\/strong><\/p><p>Bei der Buchung von Bojen ist eine Vorauszahlung in H\u00f6he von 100 % der Kosten f\u00fcr Boje und Boot zu leisten, die auch bei fristgerechter Stornierung nicht r\u00fcckerstattet wird. Eine Anzahlung f\u00fcr den Platz ist nicht erforderlich.<\/p><p class=\"versioneTermini\">9 <strong>BEZAHLUNG DES AUFENTHALTES<br \/><\/strong><\/p><p>Bei der Ankunft oder sp\u00e4testens am folgenden Morgen ist der gesamte Betrag des Aufenthalts gem\u00e4\u00df der Buchung zu entrichten.<br \/>Der Betrag ist auch bei versp\u00e4teter Ankunft oder vorzeitiger Abreise (z.\u202fB. aufgrund von Wetterbedingungen, pers\u00f6nlichen Gr\u00fcnden oder Fahrzeugsch\u00e4den) f\u00e4llig, und die Zahlung schlie\u00dft den Vertrag ab, ohne dass eine R\u00fcckerstattung m\u00f6glich ist.<\/p><p class=\"versioneTermini\">10<strong> G\u00c4STE UND BESUCHER<\/strong><\/p><p>Es gibt zwei Kategorien von Besuchern: Tagesbesucher und extra \u00dcbernachtungsg\u00e4ste.<\/p><p>Die maximale Anzahl von sechs Personen f\u00fcr Stellpl\u00e4tze der Kategorien BLAU, BLAU und GR\u00dcN und von vier Personen f\u00fcr Stellpl\u00e4tze der Kategorien WEISS und VIOLETT kann nicht \u00fcberschritten werden, einschlie\u00dflich Kinder, Besucher und G\u00e4ste.<\/p><p><strong>In der Hochsaison ALTA1 und ALTA2:<\/strong><\/p><p><strong>Tagesbesucher sind nicht erlaubt<\/strong>, ohne Ausnahme.<br \/>Zus\u00e4tzliche <strong>\u00dcbernachtungsg\u00e4ste<\/strong>, die nicht in der Buchungsbest\u00e4tigung aufgef\u00fchrt sind, sind nicht gestattet. \u00dcberraschungsbesuche sind nicht m\u00f6glich, bitte informieren Sie Ihre Familie und Freunde. Ausnahmen, die im Ermessen der Direktion liegen, werden mit 20 EUR pro Person oder Kind und Nacht berechnet.<\/p><p><strong>In der Vor- und Nachsaison:<\/strong><\/p><p><strong>Tagesbesucher <\/strong>sind unter folgenden Bedingungen zugelassen:<\/p><p>&#8211; w\u00e4hrend Ihres Aufenthalts ist nur ein Besuch erlaubt; mehrere Besuche sind daher nicht gestattet, weder von derselben noch von verschiedenen Personen;<br \/>&#8211; Die Besucher sind verpflichtet beim ersten Betreten des Campingplatzes einen Ausweis vorzulegen und die Geb\u00fchr gem\u00e4\u00df Preisliste zu entrichten. Bei Nichtanmeldung seitens der Tagesbesucher wird Ihnen die Geb\u00fchr in Rechnung gestellt;<br \/>&#8211; der Aufenthalt von Tagesbesuchern ist von 10 bis 19 Uhr gestattet;<br \/>&#8211; Die Besucher sind verpflichtet, die Campingplatzordnung einzuhalten;<\/p><p>\u00dcberraschungsbesuche sind nur bedingt m\u00f6glich, bitte informieren Sie Ihre Familie und Freunde diesbez\u00fcglich.<\/p><p><strong>Extra \u00dcbernachtungsg\u00e4ste<\/strong> sind unter diesen Bedingungen erlaubt:<br \/>&#8211; Zus\u00e4tzliche \u00dcbernachtungsg\u00e4ste m\u00fcssen bei der Buchungsanfrage angegeben werden;<br \/>&#8211; f\u00fcr Ausnahmen, die im Ermessen der Direktion liegen, betr\u00e4gt der Preis 10 EUR (NEBENSAISON) oder 15 EUR (MITSAISON) pro Nacht und Person oder Kind.<\/p><p>11\u00a0 <strong>HUNDE<\/strong><\/p><p>Pro Stellplatz ist nur ein Hund erlaubt.<\/p><p>Hunde sind bei uns willkommen. Wir bitten aber alle Hundebesitzer, die geltenden Regeln zu befolgen. Bei Nichteinhaltung behalten wir uns das Recht vor, den Aufenthalt ohne R\u00fcckerstattung zu beenden. F\u00fcr Sch\u00e4den, die ein Hund verursacht, ist der Hundebesitzer verantwortlich<\/p><p>Es gelten folgende Regeln:<\/p><p>\u2013 Hunde m\u00fcssen stets angeleint sein (maximale Leinenl\u00e4nge 1,5 m gem\u00e4\u00df Ministerialverordnung vom\u202f 03.03.2009).<\/p><p>\u2013 An den Strand darf der Hund nur mit kurzer Leine, der Strand ist kein Hundespielplatz.<\/p><p>\u2013 Ins Wasser darf der Hund ohne Leine nur wenn der Besitzer maximale R\u00fccksicht auf die anderen G\u00e4ste nimmt.<\/p><p>\u2013 F\u00fcr ihre Bed\u00fcrfnisse m\u00fcssen die Hunde immer au\u00dferhalb des Campingplatzes gef\u00fchrt werden, die Verwendung von Hundekotbeuteln ist Pflicht.<\/p><p>\u2013 Es ist ausdr\u00fccklich untersagt, dass Hunde innerhalb des Campingplatzes oder am Strand urinieren, ihr Revier markieren oder Kot absetzen.<\/p><p>\u2013 Der Hund darf nicht unbeaufsichtigt gelassen werden und ein \u00fcberm\u00e4ssiges Bellen ist zu vermeiden.<\/p><p>\u2013 Das Aufstellen von Hundez\u00e4unen ist nicht gestattet.<\/p><p>12<strong> DATENSCHUTZ<\/strong><\/p><p>Ihre Daten werden nur zur Bearbeitung der Reservierung verwendet und gem\u00e4\u00df DSGVO (EU Verordnung 2016\/679) vertraulich behandelt.<\/p><p>\u00a9 2026 Camping Punta D&#8217;Oro. Alle Inhalte dieser Seite sind urheberrechtlich gesch\u00fctzt.<\/p>\t\t\t\t\t\t\t\t<\/div>\n\t\t\t\t<\/div>\n\t\t\t\t\t<\/div>\n\t\t<\/div>\n\t\t\t\t\t<\/div>\n\t\t<\/section>\n\t\t\t\t<\/div>\n\t\t","protected":false},"excerpt":{"rendered":"<p>Bedingungen Reservierungsbedingungen [Liebe Kollegen, sich inspirieren lassen ist erlaubt \u2013 Copy &amp; Paste dagegen ist gesetzlich verboten.] \u00a0 Reservierungen f\u00fcr Campingpl\u00e4tze und Hotels basieren europaweit auf sog. Beherbungsvertr\u00e4gen, die f\u00fcr beide Seiten verpflichtend sind. Reservierungen sind verbindlich und nicht abh\u00e4ngig von Wetterverh\u00e4ltnissen oder pers\u00f6nlichen Gr\u00fcnden. 1 \u00a0RESERVIERUNGEN SIND NUR G\u00dcLTIG MIT SCHRIFTLICHER BEST\u00c4TIGUNG Reservierungen sind [&hellip;]<\/p>\n","protected":false},"author":1,"featured_media":0,"parent":0,"menu_order":0,"comment_status":"closed","ping_status":"closed","template":"","meta":{"_acf_changed":false,"footnotes":""},"class_list":["post-11043","page","type-page","status-publish","hentry"],"acf":[],"_links":{"self":[{"href":"https:\/\/www.camping-puntadoro.com\/de\/wp-json\/wp\/v2\/pages\/11043","targetHints":{"allow":["GET"]}}],"collection":[{"href":"https:\/\/www.camping-puntadoro.com\/de\/wp-json\/wp\/v2\/pages"}],"about":[{"href":"https:\/\/www.camping-puntadoro.com\/de\/wp-json\/wp\/v2\/types\/page"}],"author":[{"embeddable":true,"href":"https:\/\/www.camping-puntadoro.com\/de\/wp-json\/wp\/v2\/users\/1"}],"replies":[{"embeddable":true,"href":"https:\/\/www.camping-puntadoro.com\/de\/wp-json\/wp\/v2\/comments?post=11043"}],"version-history":[{"count":5,"href":"https:\/\/www.camping-puntadoro.com\/de\/wp-json\/wp\/v2\/pages\/11043\/revisions"}],"predecessor-version":[{"id":23501,"href":"https:\/\/www.camping-puntadoro.com\/de\/wp-json\/wp\/v2\/pages\/11043\/revisions\/23501"}],"wp:attachment":[{"href":"https:\/\/www.camping-puntadoro.com\/de\/wp-json\/wp\/v2\/media?parent=11043"}],"curies":[{"name":"wp","href":"https:\/\/api.w.org\/{rel}","templated":true}]}}